{"id":4100,"date":"2023-05-13T17:36:03","date_gmt":"2023-05-13T17:36:03","guid":{"rendered":"https:\/\/garola.es\/tirantes\/"},"modified":"2023-05-13T17:36:03","modified_gmt":"2023-05-13T17:36:03","slug":"tirantes","status":"publish","type":"product","link":"https:\/\/garola.es\/es\/tirantes\/","title":{"rendered":"Tirantes"},"content":{"rendered":"<p>Desde el tirante m\u00e1s fino (25mm) al m\u00e1s ancho (de unos 40mm)<\/p>\n<p>Con el gancho m\u00e1s o menos doble seg\u00fan convenga.<\/p>\n<p>Diferentes colores a elegir en los modelos lisos, as\u00ed como tambi\u00e9n tirantes estampados, en presentaci\u00f3n cabeza o en pl\u00e1stico.<\/p>\n<p>Tambi\u00e9n para peque<\/p>\n<p>&nbsp;<\/p>\n<p>&nbsp;<\/p>\n<p>&nbsp;<\/p>\n<p>&nbsp;<\/p>\n<p>&nbsp;<\/p>\n<p>&nbsp;<\/p>\n","protected":false},"excerpt":{"rendered":"<p>Suavitat en la moda interior, aix\u00f2 \u00e9s el concepte d\u2019aquest slip de la marca Abanderado.<\/p>\n<p>Muy c\u00f3modo y ajustable a la hora de llevarlo. Algod\u00f3n peinado (96% algod\u00f3n y 4% elastano)<\/p>\n","protected":false},"featured_media":3977,"template":"","meta":[],"product_brand":[],"product_cat":[142,136],"product_tag":[],"class_list":{"0":"post-4100","1":"product","2":"type-product","3":"status-publish","4":"has-post-thumbnail","6":"product_cat-complementos-nino","7":"product_cat-varios-es","9":"first","10":"instock","11":"taxable","12":"shipping-taxable","13":"product-type-simple"},"_links":{"self":[{"href":"https:\/\/garola.es\/es\/wp-json\/wp\/v2\/product\/4100","targetHints":{"allow":["GET"]}}],"collection":[{"href":"https:\/\/garola.es\/es\/wp-json\/wp\/v2\/product"}],"about":[{"href":"https:\/\/garola.es\/es\/wp-json\/wp\/v2\/types\/product"}],"version-history":[{"count":0,"href":"https:\/\/garola.es\/es\/wp-json\/wp\/v2\/product\/4100\/revisions"}],"wp:featuredmedia":[{"embeddable":true,"href":"https:\/\/garola.es\/es\/wp-json\/wp\/v2\/media\/3977"}],"wp:attachment":[{"href":"https:\/\/garola.es\/es\/wp-json\/wp\/v2\/media?parent=4100"}],"wp:term":[{"taxonomy":"product_brand","embeddable":true,"href":"https:\/\/garola.es\/es\/wp-json\/wp\/v2\/product_brand?post=4100"},{"taxonomy":"product_cat","embeddable":true,"href":"https:\/\/garola.es\/es\/wp-json\/wp\/v2\/product_cat?post=4100"},{"taxonomy":"product_tag","embeddable":true,"href":"https:\/\/garola.es\/es\/wp-json\/wp\/v2\/product_tag?post=4100"}],"curies":[{"name":"wp","href":"https:\/\/api.w.org\/{rel}","templated":true}]}}