{"id":4101,"date":"2023-04-26T16:33:22","date_gmt":"2023-04-26T16:33:22","guid":{"rendered":"https:\/\/garola.es\/pack-3-boxers-diesel\/"},"modified":"2023-06-05T08:07:44","modified_gmt":"2023-06-05T08:07:44","slug":"%f0%9f%a5%87pack-3-boxers-diesel","status":"publish","type":"product","link":"https:\/\/garola.es\/es\/%f0%9f%a5%87pack-3-boxers-diesel\/","title":{"rendered":"Pack 3 boxers Diesel"},"content":{"rendered":"<p>Pack 3 boxers Diesel Fresh&amp;Bright . El camello de este boxer es m\u00e1s bien corto. (low rise trunk )<\/p>\n<p>Tenemos la m\u00edtica marca de interiores a precio de promo. \u00a1Aprovecha!<\/p>\n<p>Composici\u00f3n 95% algod\u00f3n 5%elast\u00e1n.<\/p>\n<p>Tienes hasta dos colores a elegir. \u00a1Elige el tuyo y ll\u00e9vatelo!<\/p>\n","protected":false},"excerpt":{"rendered":"<p>Pack 3 boxers Diesel Fresh&amp;Bright . El camello de este boxer es m\u00e1s bien corto. (low rise trunk ) Tenemos la m\u00edtica marca de interiores a precio de promo. \u00a1Aprovecha! Composici\u00f3n 95% algod\u00f3n 5%elast\u00e1n. Tienes hasta dos colores a elegir. \u00a1Elige el tuyo y ll\u00e9vatelo!<\/p>\n","protected":false},"featured_media":2669,"template":"","meta":[],"product_brand":[],"product_cat":[156,154],"product_tag":[],"class_list":{"0":"post-4101","1":"product","2":"type-product","3":"status-publish","4":"has-post-thumbnail","6":"product_cat-promociones","7":"product_cat-underwear-es","9":"first","10":"instock","11":"sale","12":"featured","13":"taxable","14":"shipping-taxable","15":"purchasable","16":"product-type-variable"},"_links":{"self":[{"href":"https:\/\/garola.es\/es\/wp-json\/wp\/v2\/product\/4101","targetHints":{"allow":["GET"]}}],"collection":[{"href":"https:\/\/garola.es\/es\/wp-json\/wp\/v2\/product"}],"about":[{"href":"https:\/\/garola.es\/es\/wp-json\/wp\/v2\/types\/product"}],"version-history":[{"count":1,"href":"https:\/\/garola.es\/es\/wp-json\/wp\/v2\/product\/4101\/revisions"}],"predecessor-version":[{"id":5507,"href":"https:\/\/garola.es\/es\/wp-json\/wp\/v2\/product\/4101\/revisions\/5507"}],"wp:featuredmedia":[{"embeddable":true,"href":"https:\/\/garola.es\/es\/wp-json\/wp\/v2\/media\/2669"}],"wp:attachment":[{"href":"https:\/\/garola.es\/es\/wp-json\/wp\/v2\/media?parent=4101"}],"wp:term":[{"taxonomy":"product_brand","embeddable":true,"href":"https:\/\/garola.es\/es\/wp-json\/wp\/v2\/product_brand?post=4101"},{"taxonomy":"product_cat","embeddable":true,"href":"https:\/\/garola.es\/es\/wp-json\/wp\/v2\/product_cat?post=4101"},{"taxonomy":"product_tag","embeddable":true,"href":"https:\/\/garola.es\/es\/wp-json\/wp\/v2\/product_tag?post=4101"}],"curies":[{"name":"wp","href":"https:\/\/api.w.org\/{rel}","templated":true}]}}