{"id":4326,"date":"2023-05-03T09:02:39","date_gmt":"2023-05-03T09:02:39","guid":{"rendered":"https:\/\/garola.es\/cinta-para-marcar-nominat\/"},"modified":"2025-10-01T08:47:54","modified_gmt":"2025-10-01T08:47:54","slug":"cinta-para-marcar-nombre","status":"publish","type":"product","link":"https:\/\/garola.es\/es\/cinta-para-marcar-nombre\/","title":{"rendered":"cinta para marcar ropa"},"content":{"rendered":"<p>Cinta para marcar ropa, ja sea para planchar o coser!<\/p>\n<p>En la tira caben 120 nombres en total.<\/p>\n<p>Pon el nombre que quieras en nuestra plantilla (m\u00e1ximo 21 caracteres contando espacios)<\/p>\n<p>Elige el tipo de letra, pon el nombre que quieres y seguidamente te lo enviamos a casa v\u00eda correos urgente!<\/p>\n<p><strong>A TENER EN CUENTA: Al tratarse de un servicio externo, el producto posiblemente le llegue en 72 o 96 horas, a diferencia de las 24-48 de los productos ordinarios de la web.<\/strong><\/p>\n<p>En Garola, encontrar\u00e1 una amplia selecci\u00f3n de cintas de marcar para planchar o coser, con cinco tipos diferentes, cada uno con letras \u00fanicas que seguramente le encantar\u00e1n.<\/p>\n<p>&nbsp;<\/p>\n<p>&nbsp;<\/p>\n<p>&nbsp;<\/p>\n<p>&nbsp;<\/p>\n","protected":false},"excerpt":{"rendered":"<p>Cinta para marcar ropa, ja sea para planchar o coser<\/p>\n<p>&nbsp;<\/p>\n","protected":false},"featured_media":2967,"template":"","meta":[],"product_brand":[],"product_cat":[153,138,140],"product_tag":[240],"class_list":{"0":"post-4326","1":"product","2":"type-product","3":"status-publish","4":"has-post-thumbnail","6":"product_cat-complementos","7":"product_cat-merceria-es","8":"product_cat-tejido","9":"product_tag-shop-es","11":"first","12":"instock","13":"featured","14":"taxable","15":"shipping-taxable","16":"purchasable","17":"product-type-variable"},"_links":{"self":[{"href":"https:\/\/garola.es\/es\/wp-json\/wp\/v2\/product\/4326","targetHints":{"allow":["GET"]}}],"collection":[{"href":"https:\/\/garola.es\/es\/wp-json\/wp\/v2\/product"}],"about":[{"href":"https:\/\/garola.es\/es\/wp-json\/wp\/v2\/types\/product"}],"version-history":[{"count":6,"href":"https:\/\/garola.es\/es\/wp-json\/wp\/v2\/product\/4326\/revisions"}],"predecessor-version":[{"id":6162,"href":"https:\/\/garola.es\/es\/wp-json\/wp\/v2\/product\/4326\/revisions\/6162"}],"wp:featuredmedia":[{"embeddable":true,"href":"https:\/\/garola.es\/es\/wp-json\/wp\/v2\/media\/2967"}],"wp:attachment":[{"href":"https:\/\/garola.es\/es\/wp-json\/wp\/v2\/media?parent=4326"}],"wp:term":[{"taxonomy":"product_brand","embeddable":true,"href":"https:\/\/garola.es\/es\/wp-json\/wp\/v2\/product_brand?post=4326"},{"taxonomy":"product_cat","embeddable":true,"href":"https:\/\/garola.es\/es\/wp-json\/wp\/v2\/product_cat?post=4326"},{"taxonomy":"product_tag","embeddable":true,"href":"https:\/\/garola.es\/es\/wp-json\/wp\/v2\/product_tag?post=4326"}],"curies":[{"name":"wp","href":"https:\/\/api.w.org\/{rel}","templated":true}]}}