{"id":4340,"date":"2023-04-24T15:58:08","date_gmt":"2023-04-24T15:58:08","guid":{"rendered":"https:\/\/garola.es\/colonia-brummel-coupe-250-ml-presentacion-caja\/"},"modified":"2023-06-05T08:02:38","modified_gmt":"2023-06-05T08:02:38","slug":"colonia-brummel-coupe-250-ml","status":"publish","type":"product","link":"https:\/\/garola.es\/es\/colonia-brummel-coupe-250-ml\/","title":{"rendered":"Colonia Brummel Coup\u00e9 250 ml. presentaci\u00f3n caja"},"content":{"rendered":"<p>Colonia Brummel Coup\u00e9 250ml . presentaci\u00f3n caja<\/p>\n<p>Les col\u00f2nies cl\u00e0siques no pasen mai de moda.<\/p>\n<p>Aprofita i emporta-te-la a un preu m\u00e9s que asequible!<\/p>\n<p>&nbsp;<\/p>\n","protected":false},"excerpt":{"rendered":"<p>Colonia Brummel Coup\u00e9 250ml .<\/p>\n","protected":false},"featured_media":2576,"template":"","meta":[],"product_brand":[],"product_cat":[157],"product_tag":[],"class_list":{"0":"post-4340","1":"product","2":"type-product","3":"status-publish","4":"has-post-thumbnail","6":"product_cat-perfumeria-es-2","8":"first","9":"instock","10":"taxable","11":"shipping-taxable","12":"purchasable","13":"product-type-simple"},"_links":{"self":[{"href":"https:\/\/garola.es\/es\/wp-json\/wp\/v2\/product\/4340","targetHints":{"allow":["GET"]}}],"collection":[{"href":"https:\/\/garola.es\/es\/wp-json\/wp\/v2\/product"}],"about":[{"href":"https:\/\/garola.es\/es\/wp-json\/wp\/v2\/types\/product"}],"version-history":[{"count":1,"href":"https:\/\/garola.es\/es\/wp-json\/wp\/v2\/product\/4340\/revisions"}],"predecessor-version":[{"id":5502,"href":"https:\/\/garola.es\/es\/wp-json\/wp\/v2\/product\/4340\/revisions\/5502"}],"wp:featuredmedia":[{"embeddable":true,"href":"https:\/\/garola.es\/es\/wp-json\/wp\/v2\/media\/2576"}],"wp:attachment":[{"href":"https:\/\/garola.es\/es\/wp-json\/wp\/v2\/media?parent=4340"}],"wp:term":[{"taxonomy":"product_brand","embeddable":true,"href":"https:\/\/garola.es\/es\/wp-json\/wp\/v2\/product_brand?post=4340"},{"taxonomy":"product_cat","embeddable":true,"href":"https:\/\/garola.es\/es\/wp-json\/wp\/v2\/product_cat?post=4340"},{"taxonomy":"product_tag","embeddable":true,"href":"https:\/\/garola.es\/es\/wp-json\/wp\/v2\/product_tag?post=4340"}],"curies":[{"name":"wp","href":"https:\/\/api.w.org\/{rel}","templated":true}]}}