{"id":4549,"date":"2023-04-22T18:05:52","date_gmt":"2023-04-22T18:05:52","guid":{"rendered":"https:\/\/garola.es\/pijama-reus-deportiu-peque\/"},"modified":"2023-06-05T08:05:00","modified_gmt":"2023-06-05T08:05:00","slug":"%f0%9f%a5%87%e2%9e%a1-pijama-reus-deportiu-peque","status":"publish","type":"product","link":"https:\/\/garola.es\/es\/%f0%9f%a5%87%e2%9e%a1-pijama-reus-deportiu-peque\/","title":{"rendered":"Pijama Reus Deportiu peque"},"content":{"rendered":"<p>Pijama Reus Deportiu peque. con la camiseta de manga corta de peque y su pantal\u00f3n con negro, haciendo as\u00ed gozo y listo para dormir con la equipaci\u00f3n del equipo del Reus Deportiu! Lleva tus colores a la cama! Tallas de la 6 a la 14 .<\/p>\n<p>Producto hecho \u00edntegramente aqu\u00ed<\/p>\n<p>Composici\u00f3n 100% algod\u00f3n<\/p>\n","protected":false},"excerpt":{"rendered":"<p>Pijama Reus Deportiu peque. con la camiseta de manga corta de peque y su pantal\u00f3n con negro, haciendo as\u00ed gozo y listo para dormir con la equipaci\u00f3n del equipo del Reus Deportiu! Lleva tus colores a la cama! Tallas de la 6 a la 14 . Producto hecho \u00edntegramente aqu\u00ed Composici\u00f3n 100% algod\u00f3n<\/p>\n","protected":false},"featured_media":2710,"template":"","meta":[],"product_brand":[],"product_cat":[159,155,143],"product_tag":[240,123],"class_list":{"0":"post-4549","1":"product","2":"type-product","3":"status-publish","4":"has-post-thumbnail","6":"product_cat-cositas-de-reus","7":"product_cat-temporada-es","8":"product_cat-verano-nino","9":"product_tag-shop-es","10":"product_tag-zona-infantil-es","12":"first","13":"instock","14":"featured","15":"taxable","16":"shipping-taxable","17":"purchasable","18":"product-type-variable"},"_links":{"self":[{"href":"https:\/\/garola.es\/es\/wp-json\/wp\/v2\/product\/4549","targetHints":{"allow":["GET"]}}],"collection":[{"href":"https:\/\/garola.es\/es\/wp-json\/wp\/v2\/product"}],"about":[{"href":"https:\/\/garola.es\/es\/wp-json\/wp\/v2\/types\/product"}],"version-history":[{"count":1,"href":"https:\/\/garola.es\/es\/wp-json\/wp\/v2\/product\/4549\/revisions"}],"predecessor-version":[{"id":5504,"href":"https:\/\/garola.es\/es\/wp-json\/wp\/v2\/product\/4549\/revisions\/5504"}],"wp:featuredmedia":[{"embeddable":true,"href":"https:\/\/garola.es\/es\/wp-json\/wp\/v2\/media\/2710"}],"wp:attachment":[{"href":"https:\/\/garola.es\/es\/wp-json\/wp\/v2\/media?parent=4549"}],"wp:term":[{"taxonomy":"product_brand","embeddable":true,"href":"https:\/\/garola.es\/es\/wp-json\/wp\/v2\/product_brand?post=4549"},{"taxonomy":"product_cat","embeddable":true,"href":"https:\/\/garola.es\/es\/wp-json\/wp\/v2\/product_cat?post=4549"},{"taxonomy":"product_tag","embeddable":true,"href":"https:\/\/garola.es\/es\/wp-json\/wp\/v2\/product_tag?post=4549"}],"curies":[{"name":"wp","href":"https:\/\/api.w.org\/{rel}","templated":true}]}}