{"id":4565,"date":"2023-04-22T16:25:41","date_gmt":"2023-04-22T16:25:41","guid":{"rendered":"https:\/\/garola.es\/parches-planxar-gegants-de-reus\/"},"modified":"2023-06-05T08:09:00","modified_gmt":"2023-06-05T08:09:00","slug":"parches-planxar-gegants-de-reus","status":"publish","type":"product","link":"https:\/\/garola.es\/es\/parches-planxar-gegants-de-reus\/","title":{"rendered":"Parches planxar Gegants de Reus"},"content":{"rendered":"<p>Parche planxar Gegants de Reus.<\/p>\n<p>Ideales para tapar agujeros en la ropa de los m\u00e1s pecas. \u00a1Los parches m\u00e1s Reusenses est\u00e1n aqu\u00ed!<\/p>\n<p>Muy \u00fatiles en prendas como pantalones, polos, camisetas, faldas&#8230; as\u00ed como chaquetas o prendas de invierno m\u00e1s dobles.<\/p>\n<p>Medidas: 6,5 x 8 cm<\/p>\n<p>&nbsp;<\/p>\n","protected":false},"excerpt":{"rendered":"<p>Parche planxar Gegants de Reus. Ideales para tapar agujeros en la ropa de los m\u00e1s pecas. \u00a1Los parches m\u00e1s Reusenses est\u00e1n aqu\u00ed! Muy \u00fatiles en prendas como pantalones, polos, camisetas, faldas&#8230; as\u00ed como chaquetas o prendas de invierno m\u00e1s dobles. Medidas: 6,5 x 8 cm &nbsp;<\/p>\n","protected":false},"featured_media":2548,"template":"","meta":[],"product_brand":[],"product_cat":[142,159],"product_tag":[240],"class_list":{"0":"post-4565","1":"product","2":"type-product","3":"status-publish","4":"has-post-thumbnail","6":"product_cat-complementos-nino","7":"product_cat-cositas-de-reus","8":"product_tag-shop-es","10":"first","11":"instock","12":"taxable","13":"shipping-taxable","14":"purchasable","15":"product-type-simple"},"_links":{"self":[{"href":"https:\/\/garola.es\/es\/wp-json\/wp\/v2\/product\/4565","targetHints":{"allow":["GET"]}}],"collection":[{"href":"https:\/\/garola.es\/es\/wp-json\/wp\/v2\/product"}],"about":[{"href":"https:\/\/garola.es\/es\/wp-json\/wp\/v2\/types\/product"}],"version-history":[{"count":1,"href":"https:\/\/garola.es\/es\/wp-json\/wp\/v2\/product\/4565\/revisions"}],"predecessor-version":[{"id":5510,"href":"https:\/\/garola.es\/es\/wp-json\/wp\/v2\/product\/4565\/revisions\/5510"}],"wp:featuredmedia":[{"embeddable":true,"href":"https:\/\/garola.es\/es\/wp-json\/wp\/v2\/media\/2548"}],"wp:attachment":[{"href":"https:\/\/garola.es\/es\/wp-json\/wp\/v2\/media?parent=4565"}],"wp:term":[{"taxonomy":"product_brand","embeddable":true,"href":"https:\/\/garola.es\/es\/wp-json\/wp\/v2\/product_brand?post=4565"},{"taxonomy":"product_cat","embeddable":true,"href":"https:\/\/garola.es\/es\/wp-json\/wp\/v2\/product_cat?post=4565"},{"taxonomy":"product_tag","embeddable":true,"href":"https:\/\/garola.es\/es\/wp-json\/wp\/v2\/product_tag?post=4565"}],"curies":[{"name":"wp","href":"https:\/\/api.w.org\/{rel}","templated":true}]}}