{"id":4566,"date":"2023-04-22T17:48:25","date_gmt":"2023-04-22T17:48:25","guid":{"rendered":"https:\/\/garola.es\/pack-5-boxers-pokemon\/"},"modified":"2023-06-03T16:45:16","modified_gmt":"2023-06-03T16:45:16","slug":"%e2%ad%90pack-5-boxers-pokemon","status":"publish","type":"product","link":"https:\/\/garola.es\/es\/%e2%ad%90pack-5-boxers-pokemon\/","title":{"rendered":"Pack 5 boxers Pokemon"},"content":{"rendered":"<p>Pack 5 boxers Pokemon de la m\u00edtica serie de televisi\u00f3n de cazar Pokemons. Goma vista color negro y letras POKEMON. Presentaci\u00f3n caja<\/p>\n<p>Diferentes modelos en un pack ! Formato goma vista y boxer \u00edntegramente hecho de algod\u00f3n.<\/p>\n<p>\u00a1El regalo ideal para fans de la serie de televisi\u00f3n!<\/p>\n<p>Composici\u00f3n 100% algod\u00f3n<\/p>\n","protected":false},"excerpt":{"rendered":"<p>Pack 5 boxers Pokemon de la m\u00edtica serie de televisi\u00f3n de cazar Pokemons. Goma vista color negro y letras POKEMON. Presentaci\u00f3n caja Diferentes modelos en un pack ! Formato goma vista y boxer \u00edntegramente hecho de algod\u00f3n. \u00a1El regalo ideal para fans de la serie de televisi\u00f3n! Composici\u00f3n 100% algod\u00f3n<\/p>\n","protected":false},"featured_media":2552,"template":"","meta":[],"product_brand":[],"product_cat":[150,154],"product_tag":[240],"class_list":{"0":"post-4566","1":"product","2":"type-product","3":"status-publish","4":"has-post-thumbnail","6":"product_cat-underwear-nino","7":"product_cat-underwear-es","8":"product_tag-shop-es","10":"first","11":"instock","12":"featured","13":"taxable","14":"shipping-taxable","15":"purchasable","16":"product-type-variable"},"_links":{"self":[{"href":"https:\/\/garola.es\/es\/wp-json\/wp\/v2\/product\/4566","targetHints":{"allow":["GET"]}}],"collection":[{"href":"https:\/\/garola.es\/es\/wp-json\/wp\/v2\/product"}],"about":[{"href":"https:\/\/garola.es\/es\/wp-json\/wp\/v2\/types\/product"}],"version-history":[{"count":1,"href":"https:\/\/garola.es\/es\/wp-json\/wp\/v2\/product\/4566\/revisions"}],"predecessor-version":[{"id":5454,"href":"https:\/\/garola.es\/es\/wp-json\/wp\/v2\/product\/4566\/revisions\/5454"}],"wp:featuredmedia":[{"embeddable":true,"href":"https:\/\/garola.es\/es\/wp-json\/wp\/v2\/media\/2552"}],"wp:attachment":[{"href":"https:\/\/garola.es\/es\/wp-json\/wp\/v2\/media?parent=4566"}],"wp:term":[{"taxonomy":"product_brand","embeddable":true,"href":"https:\/\/garola.es\/es\/wp-json\/wp\/v2\/product_brand?post=4566"},{"taxonomy":"product_cat","embeddable":true,"href":"https:\/\/garola.es\/es\/wp-json\/wp\/v2\/product_cat?post=4566"},{"taxonomy":"product_tag","embeddable":true,"href":"https:\/\/garola.es\/es\/wp-json\/wp\/v2\/product_tag?post=4566"}],"curies":[{"name":"wp","href":"https:\/\/api.w.org\/{rel}","templated":true}]}}