{"id":4675,"date":"2023-04-22T15:58:25","date_gmt":"2023-04-22T15:58:25","guid":{"rendered":"https:\/\/garola.es\/toalla-pokemon\/"},"modified":"2023-06-03T16:45:41","modified_gmt":"2023-06-03T16:45:41","slug":"%e2%96%b7toalla-pokemon","status":"publish","type":"product","link":"https:\/\/garola.es\/es\/%e2%96%b7toalla-pokemon\/","title":{"rendered":"Toalla Pokemon"},"content":{"rendered":"<p>Toalla Pokemon .<\/p>\n<p>La m\u00edtica serie de televisi\u00f3n en la que se encuentra el divertido Pikachu con otros Pokemons.<\/p>\n<p>Destaca por sus vistosos colores y el dise\u00f1o divertido que hace una toalla ideal para los m\u00e1s pecas y para los fans de la serie<\/p>\n<p>Medidas: 70 x 140 cm<\/p>\n<p>Composici\u00f3n: 100% algod\u00f3n<\/p>\n","protected":false},"excerpt":{"rendered":"<p>Toalla Pokemon . La m\u00edtica serie de televisi\u00f3n en la que se encuentra el divertido Pikachu con otros Pokemons. Destaca por sus vistosos colores y el dise\u00f1o divertido que hace una toalla ideal para los m\u00e1s pecas y para los fans de la serie Medidas: 70 x 140 cm Composici\u00f3n: 100% algod\u00f3n<\/p>\n","protected":false},"featured_media":2547,"template":"","meta":[],"product_brand":[],"product_cat":[153,155],"product_tag":[240],"class_list":{"0":"post-4675","1":"product","2":"type-product","3":"status-publish","4":"has-post-thumbnail","6":"product_cat-complementos","7":"product_cat-temporada-es","8":"product_tag-shop-es","10":"first","11":"instock","12":"taxable","13":"shipping-taxable","14":"purchasable","15":"product-type-simple"},"_links":{"self":[{"href":"https:\/\/garola.es\/es\/wp-json\/wp\/v2\/product\/4675","targetHints":{"allow":["GET"]}}],"collection":[{"href":"https:\/\/garola.es\/es\/wp-json\/wp\/v2\/product"}],"about":[{"href":"https:\/\/garola.es\/es\/wp-json\/wp\/v2\/types\/product"}],"version-history":[{"count":1,"href":"https:\/\/garola.es\/es\/wp-json\/wp\/v2\/product\/4675\/revisions"}],"predecessor-version":[{"id":5455,"href":"https:\/\/garola.es\/es\/wp-json\/wp\/v2\/product\/4675\/revisions\/5455"}],"wp:featuredmedia":[{"embeddable":true,"href":"https:\/\/garola.es\/es\/wp-json\/wp\/v2\/media\/2547"}],"wp:attachment":[{"href":"https:\/\/garola.es\/es\/wp-json\/wp\/v2\/media?parent=4675"}],"wp:term":[{"taxonomy":"product_brand","embeddable":true,"href":"https:\/\/garola.es\/es\/wp-json\/wp\/v2\/product_brand?post=4675"},{"taxonomy":"product_cat","embeddable":true,"href":"https:\/\/garola.es\/es\/wp-json\/wp\/v2\/product_cat?post=4675"},{"taxonomy":"product_tag","embeddable":true,"href":"https:\/\/garola.es\/es\/wp-json\/wp\/v2\/product_tag?post=4675"}],"curies":[{"name":"wp","href":"https:\/\/api.w.org\/{rel}","templated":true}]}}