{"id":4677,"date":"2023-04-22T15:54:41","date_gmt":"2023-04-22T15:54:41","guid":{"rendered":"https:\/\/garola.es\/neceser-futbol-club-barcelona\/"},"modified":"2026-02-01T08:18:47","modified_gmt":"2026-02-01T08:18:47","slug":"neceser-futbol-club-barcelona","status":"publish","type":"product","link":"https:\/\/garola.es\/es\/neceser-futbol-club-barcelona\/","title":{"rendered":"Neceser Futbol Club Barcelona"},"content":{"rendered":"<p>Imprescindible del F\u00fatbol Club Barcelona:<\/p>\n<p>Producto oficial imprescindible del F.C.B. en formato peque\u00f1o. Perfecto para gimnasios o para viajes de importaci\u00f3n.<\/p>\n<p>\u00a1Ideal para un amigo o amiga incondicional del Bar\u00e7a!<\/p>\n<p>2 cremalleras.<\/p>\n<p>Composici\u00f3n: 100 % poli\u00e9ster<\/p>\n","protected":false},"excerpt":{"rendered":"<p>Imprescindible del F\u00fatbol Club Barcelona: Producto oficial imprescindible del F.C.B. en formato peque\u00f1o. Perfecto para gimnasios o para viajes de importaci\u00f3n. \u00a1Ideal para un amigo o amiga incondicional del Bar\u00e7a! 2 cremalleras. Composici\u00f3n: 100 % poli\u00e9ster<\/p>\n","protected":false},"featured_media":6868,"template":"","meta":[],"product_brand":[],"product_cat":[298],"product_tag":[240],"class_list":{"0":"post-4677","1":"product","2":"type-product","3":"status-publish","4":"has-post-thumbnail","6":"product_cat-f-c-barcelona","7":"product_tag-shop-es","9":"first","10":"instock","11":"taxable","12":"shipping-taxable","13":"purchasable","14":"product-type-simple"},"_links":{"self":[{"href":"https:\/\/garola.es\/es\/wp-json\/wp\/v2\/product\/4677","targetHints":{"allow":["GET"]}}],"collection":[{"href":"https:\/\/garola.es\/es\/wp-json\/wp\/v2\/product"}],"about":[{"href":"https:\/\/garola.es\/es\/wp-json\/wp\/v2\/types\/product"}],"version-history":[{"count":2,"href":"https:\/\/garola.es\/es\/wp-json\/wp\/v2\/product\/4677\/revisions"}],"predecessor-version":[{"id":6875,"href":"https:\/\/garola.es\/es\/wp-json\/wp\/v2\/product\/4677\/revisions\/6875"}],"wp:featuredmedia":[{"embeddable":true,"href":"https:\/\/garola.es\/es\/wp-json\/wp\/v2\/media\/6868"}],"wp:attachment":[{"href":"https:\/\/garola.es\/es\/wp-json\/wp\/v2\/media?parent=4677"}],"wp:term":[{"taxonomy":"product_brand","embeddable":true,"href":"https:\/\/garola.es\/es\/wp-json\/wp\/v2\/product_brand?post=4677"},{"taxonomy":"product_cat","embeddable":true,"href":"https:\/\/garola.es\/es\/wp-json\/wp\/v2\/product_cat?post=4677"},{"taxonomy":"product_tag","embeddable":true,"href":"https:\/\/garola.es\/es\/wp-json\/wp\/v2\/product_tag?post=4677"}],"curies":[{"name":"wp","href":"https:\/\/api.w.org\/{rel}","templated":true}]}}