{"id":4680,"date":"2023-04-22T15:46:44","date_gmt":"2023-04-22T15:46:44","guid":{"rendered":"https:\/\/garola.es\/toalla-goku\/"},"modified":"2023-06-05T08:10:49","modified_gmt":"2023-06-05T08:10:49","slug":"toalla-goku","status":"publish","type":"product","link":"https:\/\/garola.es\/es\/toalla-goku\/","title":{"rendered":"Toalla Goku"},"content":{"rendered":"<p>Toalla Goku !<\/p>\n<p>La m\u00edtica serie de TV portada en formato toalla de playa. Dragon Ball Z Super a la piscina,playa o camping . \u00a1Ideal para regalar a los fans incondicionales de esta serie de los a\u00f1os 90 que hoy en d\u00eda todav\u00eda se emite en la tele!<\/p>\n<p>Medidas toalla : 70x140cm<\/p>\n<p>Composici\u00f3n: 100% algod\u00f3n<\/p>\n","protected":false},"excerpt":{"rendered":"<p>Toalla Goku ! La m\u00edtica serie de TV portada en formato toalla de playa. Dragon Ball Z Super a la piscina,playa o camping . \u00a1Ideal para regalar a los fans incondicionales de esta serie de los a\u00f1os 90 que hoy en d\u00eda todav\u00eda se emite en la tele! Medidas toalla : 70x140cm Composici\u00f3n: 100% algod\u00f3n<\/p>\n","protected":false},"featured_media":2541,"template":"","meta":[],"product_brand":[],"product_cat":[153,155],"product_tag":[240],"class_list":{"0":"post-4680","1":"product","2":"type-product","3":"status-publish","4":"has-post-thumbnail","6":"product_cat-complementos","7":"product_cat-temporada-es","8":"product_tag-shop-es","10":"first","11":"outofstock","12":"featured","13":"taxable","14":"shipping-taxable","15":"purchasable","16":"product-type-simple"},"_links":{"self":[{"href":"https:\/\/garola.es\/es\/wp-json\/wp\/v2\/product\/4680","targetHints":{"allow":["GET"]}}],"collection":[{"href":"https:\/\/garola.es\/es\/wp-json\/wp\/v2\/product"}],"about":[{"href":"https:\/\/garola.es\/es\/wp-json\/wp\/v2\/types\/product"}],"version-history":[{"count":1,"href":"https:\/\/garola.es\/es\/wp-json\/wp\/v2\/product\/4680\/revisions"}],"predecessor-version":[{"id":4681,"href":"https:\/\/garola.es\/es\/wp-json\/wp\/v2\/product\/4680\/revisions\/4681"}],"wp:featuredmedia":[{"embeddable":true,"href":"https:\/\/garola.es\/es\/wp-json\/wp\/v2\/media\/2541"}],"wp:attachment":[{"href":"https:\/\/garola.es\/es\/wp-json\/wp\/v2\/media?parent=4680"}],"wp:term":[{"taxonomy":"product_brand","embeddable":true,"href":"https:\/\/garola.es\/es\/wp-json\/wp\/v2\/product_brand?post=4680"},{"taxonomy":"product_cat","embeddable":true,"href":"https:\/\/garola.es\/es\/wp-json\/wp\/v2\/product_cat?post=4680"},{"taxonomy":"product_tag","embeddable":true,"href":"https:\/\/garola.es\/es\/wp-json\/wp\/v2\/product_tag?post=4680"}],"curies":[{"name":"wp","href":"https:\/\/api.w.org\/{rel}","templated":true}]}}