{"id":4686,"date":"2023-04-22T09:21:21","date_gmt":"2023-04-22T09:21:21","guid":{"rendered":"https:\/\/garola.es\/bragas-menstruales\/"},"modified":"2023-06-05T08:11:43","modified_gmt":"2023-06-05T08:11:43","slug":"bragas-menstruales","status":"publish","type":"product","link":"https:\/\/garola.es\/es\/bragas-menstruales\/","title":{"rendered":"Bragas menstruales"},"content":{"rendered":"<p>Bragas menstruales de la casa DIM ultra absorbentes. Reutilitzable hasta 100 veces Dise\u00f1o antiolor y antifugas. \u00a1Eficacia probada! Varias tallas a elegir. Elige la tuya y p\u00e1sate a la moda interior ECO!<\/p>\n<p>Composici\u00f3n: Cuerpo de la calza_ 93% algod\u00f3n-7% elastano. Doblura: 100% algod\u00f3n<\/p>\n","protected":false},"excerpt":{"rendered":"<p>Bragas menstruales de la casa DIM ultra absorbentes. Reutilitzable hasta 100 veces Dise\u00f1o antiolor y antifugas. \u00a1Eficacia probada! Varias tallas a elegir. Elige la tuya y p\u00e1sate a la moda interior ECO! Composici\u00f3n: Cuerpo de la calza_ 93% algod\u00f3n-7% elastano. Doblura: 100% algod\u00f3n<\/p>\n","protected":false},"featured_media":4849,"template":"","meta":[],"product_brand":[],"product_cat":[152,154,129],"product_tag":[240],"class_list":{"0":"post-4686","1":"product","2":"type-product","3":"status-publish","4":"has-post-thumbnail","6":"product_cat-tienda","7":"product_cat-underwear-es","8":"product_cat-underwear-y-corseteria","9":"product_tag-shop-es","11":"first","12":"instock","13":"featured","14":"taxable","15":"shipping-taxable","16":"purchasable","17":"product-type-variable"},"_links":{"self":[{"href":"https:\/\/garola.es\/es\/wp-json\/wp\/v2\/product\/4686","targetHints":{"allow":["GET"]}}],"collection":[{"href":"https:\/\/garola.es\/es\/wp-json\/wp\/v2\/product"}],"about":[{"href":"https:\/\/garola.es\/es\/wp-json\/wp\/v2\/types\/product"}],"version-history":[{"count":1,"href":"https:\/\/garola.es\/es\/wp-json\/wp\/v2\/product\/4686\/revisions"}],"predecessor-version":[{"id":5515,"href":"https:\/\/garola.es\/es\/wp-json\/wp\/v2\/product\/4686\/revisions\/5515"}],"wp:featuredmedia":[{"embeddable":true,"href":"https:\/\/garola.es\/es\/wp-json\/wp\/v2\/media\/4849"}],"wp:attachment":[{"href":"https:\/\/garola.es\/es\/wp-json\/wp\/v2\/media?parent=4686"}],"wp:term":[{"taxonomy":"product_brand","embeddable":true,"href":"https:\/\/garola.es\/es\/wp-json\/wp\/v2\/product_brand?post=4686"},{"taxonomy":"product_cat","embeddable":true,"href":"https:\/\/garola.es\/es\/wp-json\/wp\/v2\/product_cat?post=4686"},{"taxonomy":"product_tag","embeddable":true,"href":"https:\/\/garola.es\/es\/wp-json\/wp\/v2\/product_tag?post=4686"}],"curies":[{"name":"wp","href":"https:\/\/api.w.org\/{rel}","templated":true}]}}