{"id":4709,"date":"2023-04-14T10:44:43","date_gmt":"2023-04-14T10:44:43","guid":{"rendered":"https:\/\/garola.es\/neceser-volkswaguen\/"},"modified":"2025-09-01T17:25:44","modified_gmt":"2025-09-01T17:25:44","slug":"neceser-volkswagen","status":"publish","type":"product","link":"https:\/\/garola.es\/es\/neceser-volkswagen\/","title":{"rendered":"Neceser Volkswagen"},"content":{"rendered":"<p>Neceser Volkswagen : la m\u00edtica furgoneta . En diferentes colores y dos tama\u00f1os para que puedas escoger el que m\u00e1s te convenga. El material es de tipo neopreno y se puede mojar sin problema.<\/p>\n<p>Escoge color y disfruta de este regalo, ideal para llevarte de viaje, para el gimnasio o por donde sea!<\/p>\n","protected":false},"excerpt":{"rendered":"<p>Neceser Volkswagen : la m\u00edtica furgoneta . En diferentes colores y dos tama\u00f1os para que puedas escoger el que m\u00e1s te convenga. El material es de tipo neopreno y se puede mojar sin problema. Escoge color y disfruta de este regalo, ideal para llevarte de viaje, para el gimnasio o por donde sea!<\/p>\n","protected":false},"featured_media":2532,"template":"","meta":[],"product_brand":[],"product_cat":[153,142,140],"product_tag":[240],"class_list":{"0":"post-4709","1":"product","2":"type-product","3":"status-publish","4":"has-post-thumbnail","6":"product_cat-complementos","7":"product_cat-complementos-nino","8":"product_cat-tejido","9":"product_tag-shop-es","11":"first","12":"instock","13":"taxable","14":"shipping-taxable","15":"purchasable","16":"product-type-variable"},"_links":{"self":[{"href":"https:\/\/garola.es\/es\/wp-json\/wp\/v2\/product\/4709","targetHints":{"allow":["GET"]}}],"collection":[{"href":"https:\/\/garola.es\/es\/wp-json\/wp\/v2\/product"}],"about":[{"href":"https:\/\/garola.es\/es\/wp-json\/wp\/v2\/types\/product"}],"version-history":[{"count":3,"href":"https:\/\/garola.es\/es\/wp-json\/wp\/v2\/product\/4709\/revisions"}],"predecessor-version":[{"id":6757,"href":"https:\/\/garola.es\/es\/wp-json\/wp\/v2\/product\/4709\/revisions\/6757"}],"wp:featuredmedia":[{"embeddable":true,"href":"https:\/\/garola.es\/es\/wp-json\/wp\/v2\/media\/2532"}],"wp:attachment":[{"href":"https:\/\/garola.es\/es\/wp-json\/wp\/v2\/media?parent=4709"}],"wp:term":[{"taxonomy":"product_brand","embeddable":true,"href":"https:\/\/garola.es\/es\/wp-json\/wp\/v2\/product_brand?post=4709"},{"taxonomy":"product_cat","embeddable":true,"href":"https:\/\/garola.es\/es\/wp-json\/wp\/v2\/product_cat?post=4709"},{"taxonomy":"product_tag","embeddable":true,"href":"https:\/\/garola.es\/es\/wp-json\/wp\/v2\/product_tag?post=4709"}],"curies":[{"name":"wp","href":"https:\/\/api.w.org\/{rel}","templated":true}]}}