{"id":5018,"date":"2023-05-22T10:48:20","date_gmt":"2023-05-22T10:48:20","guid":{"rendered":"https:\/\/garola.es\/pijama-seda-viscosa\/"},"modified":"2023-05-22T10:48:20","modified_gmt":"2023-05-22T10:48:20","slug":"pijama-seda-viscosa","status":"publish","type":"product","link":"https:\/\/garola.es\/es\/pijama-seda-viscosa\/","title":{"rendered":"Pijama seda \/ viscosa"},"content":{"rendered":"<p>Pijama seda \/ viscosa .<\/p>\n<p>Pijamas para invierno o entretiempo para ella. En formato fino o tela algo m\u00e1s gruesa. Diferentes estampados muy c\u00f3modos y portables ideales para el homewear.<\/p>\n<p>Tallas S a XXL.<\/p>\n<p>Tambi\u00e9n en formato camisola y bata<\/p>\n","protected":false},"excerpt":{"rendered":"<p>Pijama seda \/ viscosa . Pijamas para invierno o entretiempo para ella. En formato fino o tela algo m\u00e1s gruesa. Diferentes estampados muy c\u00f3modos y portables ideales para el homewear. Tallas S a XXL. Tambi\u00e9n en formato camisola y bata<\/p>\n","protected":false},"featured_media":4906,"template":"","meta":[],"product_brand":[],"product_cat":[127],"product_tag":[],"class_list":{"0":"post-5018","1":"product","2":"type-product","3":"status-publish","4":"has-post-thumbnail","6":"product_cat-invierno-mujer","8":"first","9":"instock","10":"taxable","11":"shipping-taxable","12":"product-type-simple"},"_links":{"self":[{"href":"https:\/\/garola.es\/es\/wp-json\/wp\/v2\/product\/5018","targetHints":{"allow":["GET"]}}],"collection":[{"href":"https:\/\/garola.es\/es\/wp-json\/wp\/v2\/product"}],"about":[{"href":"https:\/\/garola.es\/es\/wp-json\/wp\/v2\/types\/product"}],"version-history":[{"count":0,"href":"https:\/\/garola.es\/es\/wp-json\/wp\/v2\/product\/5018\/revisions"}],"wp:featuredmedia":[{"embeddable":true,"href":"https:\/\/garola.es\/es\/wp-json\/wp\/v2\/media\/4906"}],"wp:attachment":[{"href":"https:\/\/garola.es\/es\/wp-json\/wp\/v2\/media?parent=5018"}],"wp:term":[{"taxonomy":"product_brand","embeddable":true,"href":"https:\/\/garola.es\/es\/wp-json\/wp\/v2\/product_brand?post=5018"},{"taxonomy":"product_cat","embeddable":true,"href":"https:\/\/garola.es\/es\/wp-json\/wp\/v2\/product_cat?post=5018"},{"taxonomy":"product_tag","embeddable":true,"href":"https:\/\/garola.es\/es\/wp-json\/wp\/v2\/product_tag?post=5018"}],"curies":[{"name":"wp","href":"https:\/\/api.w.org\/{rel}","templated":true}]}}