{"id":5022,"date":"2023-05-20T10:55:21","date_gmt":"2023-05-20T10:55:21","guid":{"rendered":"https:\/\/garola.es\/boxer-tela\/"},"modified":"2023-05-20T10:55:21","modified_gmt":"2023-05-20T10:55:21","slug":"boxer-tela","status":"publish","type":"product","link":"https:\/\/garola.es\/es\/boxer-tela\/","title":{"rendered":"Boxer tela"},"content":{"rendered":"<p>Boxers tela<\/p>\n<p>Tambi\u00e9n tenemos b\u00f3xers m\u00e1s \u00abanchos\u00bb en formato 100% algod\u00f3n o tambi\u00e9n de tipo \u00abropa\u00bb, ideales para los meses m\u00e1s calurosos<\/p>\n<p>Tallas 48 a 68 seg\u00fan modelo !<\/p>\n<p>&nbsp;<\/p>\n","protected":false},"excerpt":{"rendered":"<p>Boxers tela Tambi\u00e9n tenemos b\u00f3xers m\u00e1s \u00abanchos\u00bb en formato 100% algod\u00f3n o tambi\u00e9n de tipo \u00abropa\u00bb, ideales para los meses m\u00e1s calurosos Tallas 48 a 68 seg\u00fan modelo ! &nbsp;<\/p>\n","protected":false},"featured_media":4845,"template":"","meta":[],"product_brand":[],"product_cat":[135],"product_tag":[],"class_list":{"0":"post-5022","1":"product","2":"type-product","3":"status-publish","4":"has-post-thumbnail","6":"product_cat-underwear-hombre","8":"first","9":"instock","10":"taxable","11":"shipping-taxable","12":"product-type-simple"},"_links":{"self":[{"href":"https:\/\/garola.es\/es\/wp-json\/wp\/v2\/product\/5022","targetHints":{"allow":["GET"]}}],"collection":[{"href":"https:\/\/garola.es\/es\/wp-json\/wp\/v2\/product"}],"about":[{"href":"https:\/\/garola.es\/es\/wp-json\/wp\/v2\/types\/product"}],"version-history":[{"count":0,"href":"https:\/\/garola.es\/es\/wp-json\/wp\/v2\/product\/5022\/revisions"}],"wp:featuredmedia":[{"embeddable":true,"href":"https:\/\/garola.es\/es\/wp-json\/wp\/v2\/media\/4845"}],"wp:attachment":[{"href":"https:\/\/garola.es\/es\/wp-json\/wp\/v2\/media?parent=5022"}],"wp:term":[{"taxonomy":"product_brand","embeddable":true,"href":"https:\/\/garola.es\/es\/wp-json\/wp\/v2\/product_brand?post=5022"},{"taxonomy":"product_cat","embeddable":true,"href":"https:\/\/garola.es\/es\/wp-json\/wp\/v2\/product_cat?post=5022"},{"taxonomy":"product_tag","embeddable":true,"href":"https:\/\/garola.es\/es\/wp-json\/wp\/v2\/product_tag?post=5022"}],"curies":[{"name":"wp","href":"https:\/\/api.w.org\/{rel}","templated":true}]}}