{"id":5023,"date":"2023-05-20T10:52:28","date_gmt":"2023-05-20T10:52:28","guid":{"rendered":"https:\/\/garola.es\/pikys\/"},"modified":"2023-05-25T16:01:10","modified_gmt":"2023-05-25T16:01:10","slug":"pikys-2","status":"publish","type":"product","link":"https:\/\/garola.es\/es\/pikys-2\/","title":{"rendered":"Pikys"},"content":{"rendered":"<p>Pikys:<\/p>\n<p>Tambi\u00e9n pikys para tallas de la 39 a la 46 y en distintos formatos:<\/p>\n<p>algod\u00f3n , bamb\u00fa , lycra&#8230;<\/p>\n<p>colores beige, blanco negro y gris a escoger (seg\u00fan el modelo!)<\/p>\n","protected":false},"excerpt":{"rendered":"<p>Pikys: Tambi\u00e9n pikys para tallas de la 39 a la 46 y en distintos formatos: algod\u00f3n , bamb\u00fa , lycra&#8230; colores beige, blanco negro y gris a escoger (seg\u00fan el modelo!)<\/p>\n","protected":false},"featured_media":4837,"template":"","meta":[],"product_brand":[],"product_cat":[134],"product_tag":[],"class_list":{"0":"post-5023","1":"product","2":"type-product","3":"status-publish","4":"has-post-thumbnail","6":"product_cat-calcetines","8":"first","9":"instock","10":"taxable","11":"shipping-taxable","12":"product-type-simple"},"_links":{"self":[{"href":"https:\/\/garola.es\/es\/wp-json\/wp\/v2\/product\/5023","targetHints":{"allow":["GET"]}}],"collection":[{"href":"https:\/\/garola.es\/es\/wp-json\/wp\/v2\/product"}],"about":[{"href":"https:\/\/garola.es\/es\/wp-json\/wp\/v2\/types\/product"}],"version-history":[{"count":1,"href":"https:\/\/garola.es\/es\/wp-json\/wp\/v2\/product\/5023\/revisions"}],"predecessor-version":[{"id":5024,"href":"https:\/\/garola.es\/es\/wp-json\/wp\/v2\/product\/5023\/revisions\/5024"}],"wp:featuredmedia":[{"embeddable":true,"href":"https:\/\/garola.es\/es\/wp-json\/wp\/v2\/media\/4837"}],"wp:attachment":[{"href":"https:\/\/garola.es\/es\/wp-json\/wp\/v2\/media?parent=5023"}],"wp:term":[{"taxonomy":"product_brand","embeddable":true,"href":"https:\/\/garola.es\/es\/wp-json\/wp\/v2\/product_brand?post=5023"},{"taxonomy":"product_cat","embeddable":true,"href":"https:\/\/garola.es\/es\/wp-json\/wp\/v2\/product_cat?post=5023"},{"taxonomy":"product_tag","embeddable":true,"href":"https:\/\/garola.es\/es\/wp-json\/wp\/v2\/product_tag?post=5023"}],"curies":[{"name":"wp","href":"https:\/\/api.w.org\/{rel}","templated":true}]}}