{"id":5025,"date":"2023-05-20T10:49:23","date_gmt":"2023-05-20T10:49:23","guid":{"rendered":"https:\/\/garola.es\/calcetin-deporte\/"},"modified":"2023-05-20T10:49:23","modified_gmt":"2023-05-20T10:49:23","slug":"mitjo-esport","status":"publish","type":"product","link":"https:\/\/garola.es\/es\/mitjo-esport\/","title":{"rendered":"Calcet\u00edn deporte"},"content":{"rendered":"<p>calcet\u00edn deporte<\/p>\n<p>En diferentes tipos y tallas:<\/p>\n<p>M\u00e1s gruesos (tipo rizo), los cl\u00e1sicos rayados, tipo tobillo, tipo invisible&#8230;<\/p>\n<p>&#8230;seguro que encuentras el tuyo!<\/p>\n<p>&nbsp;<\/p>\n","protected":false},"excerpt":{"rendered":"<p>calcet\u00edn deporte En diferentes tipos y tallas: M\u00e1s gruesos (tipo rizo), los cl\u00e1sicos rayados, tipo tobillo, tipo invisible&#8230; &#8230;seguro que encuentras el tuyo! &nbsp;<\/p>\n","protected":false},"featured_media":4841,"template":"","meta":[],"product_brand":[],"product_cat":[134,145,128],"product_tag":[],"class_list":{"0":"post-5025","1":"product","2":"type-product","3":"status-publish","4":"has-post-thumbnail","6":"product_cat-calcetines","7":"product_cat-calcetines-nino","8":"product_cat-legwear-es","10":"first","11":"instock","12":"taxable","13":"shipping-taxable","14":"product-type-simple"},"_links":{"self":[{"href":"https:\/\/garola.es\/es\/wp-json\/wp\/v2\/product\/5025","targetHints":{"allow":["GET"]}}],"collection":[{"href":"https:\/\/garola.es\/es\/wp-json\/wp\/v2\/product"}],"about":[{"href":"https:\/\/garola.es\/es\/wp-json\/wp\/v2\/types\/product"}],"version-history":[{"count":0,"href":"https:\/\/garola.es\/es\/wp-json\/wp\/v2\/product\/5025\/revisions"}],"wp:featuredmedia":[{"embeddable":true,"href":"https:\/\/garola.es\/es\/wp-json\/wp\/v2\/media\/4841"}],"wp:attachment":[{"href":"https:\/\/garola.es\/es\/wp-json\/wp\/v2\/media?parent=5025"}],"wp:term":[{"taxonomy":"product_brand","embeddable":true,"href":"https:\/\/garola.es\/es\/wp-json\/wp\/v2\/product_brand?post=5025"},{"taxonomy":"product_cat","embeddable":true,"href":"https:\/\/garola.es\/es\/wp-json\/wp\/v2\/product_cat?post=5025"},{"taxonomy":"product_tag","embeddable":true,"href":"https:\/\/garola.es\/es\/wp-json\/wp\/v2\/product_tag?post=5025"}],"curies":[{"name":"wp","href":"https:\/\/api.w.org\/{rel}","templated":true}]}}