{"id":5030,"date":"2023-05-16T16:52:27","date_gmt":"2023-05-16T16:52:27","guid":{"rendered":"https:\/\/garola.es\/sosten-zafiro-selene\/"},"modified":"2023-05-25T17:41:05","modified_gmt":"2023-05-25T17:41:05","slug":"sujetador-zafiro-selene","status":"publish","type":"product","link":"https:\/\/garola.es\/es\/sujetador-zafiro-selene\/","title":{"rendered":"Sujetador ZAFIRO Selene"},"content":{"rendered":"<div class=\"flex flex-grow flex-col gap-3\">\n<div class=\"min-h-[20px] flex flex-col items-start gap-4 whitespace-pre-wrap break-words\">\n<div class=\"markdown prose w-full break-words dark:prose-invert light\">\n<div class=\"flex flex-grow flex-col gap-3\">\n<div class=\"min-h-[20px] flex flex-col items-start gap-4 whitespace-pre-wrap break-words\">\n<div class=\"markdown prose w-full break-words dark:prose-invert light\">\n<div class=\"flex flex-grow flex-col gap-3\">\n<div class=\"min-h-[20px] flex flex-col items-start gap-4 whitespace-pre-wrap break-words\">\n<div class=\"markdown prose w-full break-words dark:prose-invert light\">\n<div class=\"flex flex-grow flex-col gap-3\">\n<div class=\"min-h-[20px] flex flex-col items-start gap-4 whitespace-pre-wrap break-words\">\n<div>\n<div class=\"flex flex-grow flex-col gap-3\">\n<div class=\"min-h-[20px] flex flex-col items-start gap-4 whitespace-pre-wrap break-words\">\n<div class=\"markdown prose w-full break-words dark:prose-invert light\">\n<div class=\"flex flex-grow flex-col gap-3\">\n<div class=\"min-h-[20px] flex flex-col items-start gap-4 whitespace-pre-wrap break-words\">\n<div class=\"markdown prose w-full break-words dark:prose-invert light\">\n<div class=\"flex flex-grow flex-col gap-3\">\n<div class=\"min-h-[20px] flex flex-col items-start gap-4 whitespace-pre-wrap break-words\">\n<div class=\"markdown prose w-full break-words dark:prose-invert light\">\n<p>Sujetador Zafiro Selene: es un sujetador exquisito dise\u00f1ado para mujeres con un tama\u00f1o de copa C. Este modelo es sin\u00f3nimo de elegancia y comodidad. Cualquier consulta que quieras hacernos, no dudes y env\u00edanos un mensaje.<\/p>\n<\/div>\n<\/div>\n<\/div>\n<\/div>\n<\/div>\n<\/div>\n<\/div>\n<\/div>\n<\/div>\n<\/div>\n<\/div>\n<\/div>\n<\/div>\n<\/div>\n<\/div>\n<\/div>\n<\/div>\n<\/div>\n<p>&nbsp;<\/p>\n<\/div>\n<\/div>\n<\/div>\n<div id=\"tabla\">\n<p><strong>Tallas:<\/strong><\/p>\n<table>\n<tbody>\n<tr>\n<td>90<\/td>\n<td>95<\/td>\n<td>100<\/td>\n<td>105<\/td>\n<td>110<\/td>\n<\/tr>\n<\/tbody>\n<\/table>\n<p><strong>Colores:<\/strong><\/p>\n<table>\n<tbody>\n<tr>\n<td>Negro<\/td>\n<td>Tierra<\/td>\n<td>Marfil<\/td>\n<\/tr>\n<\/tbody>\n<\/table>\n<\/div>\n","protected":false},"excerpt":{"rendered":"<p>Sujetador Zafiro Selene: es un sujetador exquisito dise\u00f1ado para mujeres con un tama\u00f1o de copa C. Este modelo es sin\u00f3nimo de elegancia y comodidad. Cualquier consulta que quieras hacernos, no dudes y env\u00edanos un mensaje. &nbsp; Tallas: 90 95 100 105 110 Colores: Negro Tierra Marfil<\/p>\n","protected":false},"featured_media":4316,"template":"","meta":[],"product_brand":[],"product_cat":[241],"product_tag":[],"class_list":{"0":"post-5030","1":"product","2":"type-product","3":"status-publish","4":"has-post-thumbnail","6":"product_cat-selene-es","8":"first","9":"outofstock","10":"featured","11":"taxable","12":"shipping-taxable","13":"product-type-simple"},"_links":{"self":[{"href":"https:\/\/garola.es\/es\/wp-json\/wp\/v2\/product\/5030","targetHints":{"allow":["GET"]}}],"collection":[{"href":"https:\/\/garola.es\/es\/wp-json\/wp\/v2\/product"}],"about":[{"href":"https:\/\/garola.es\/es\/wp-json\/wp\/v2\/types\/product"}],"version-history":[{"count":1,"href":"https:\/\/garola.es\/es\/wp-json\/wp\/v2\/product\/5030\/revisions"}],"predecessor-version":[{"id":5068,"href":"https:\/\/garola.es\/es\/wp-json\/wp\/v2\/product\/5030\/revisions\/5068"}],"wp:featuredmedia":[{"embeddable":true,"href":"https:\/\/garola.es\/es\/wp-json\/wp\/v2\/media\/4316"}],"wp:attachment":[{"href":"https:\/\/garola.es\/es\/wp-json\/wp\/v2\/media?parent=5030"}],"wp:term":[{"taxonomy":"product_brand","embeddable":true,"href":"https:\/\/garola.es\/es\/wp-json\/wp\/v2\/product_brand?post=5030"},{"taxonomy":"product_cat","embeddable":true,"href":"https:\/\/garola.es\/es\/wp-json\/wp\/v2\/product_cat?post=5030"},{"taxonomy":"product_tag","embeddable":true,"href":"https:\/\/garola.es\/es\/wp-json\/wp\/v2\/product_tag?post=5030"}],"curies":[{"name":"wp","href":"https:\/\/api.w.org\/{rel}","templated":true}]}}