{"id":5035,"date":"2023-05-16T16:22:02","date_gmt":"2023-05-16T16:22:02","guid":{"rendered":"https:\/\/garola.es\/sujetador-olimpia-selene\/"},"modified":"2023-05-16T16:22:02","modified_gmt":"2023-05-16T16:22:02","slug":"sujetador-olimpia-selene","status":"publish","type":"product","link":"https:\/\/garola.es\/es\/sujetador-olimpia-selene\/","title":{"rendered":"Sujetador OLIMPIA Selene"},"content":{"rendered":"<div class=\"flex flex-grow flex-col gap-3\">\n<div class=\"min-h-[20px] flex flex-col items-start gap-4 whitespace-pre-wrap break-words\">\n<div class=\"markdown prose w-full break-words dark:prose-invert light\">\n<div class=\"flex flex-grow flex-col gap-3\">\n<div class=\"min-h-[20px] flex flex-col items-start gap-4 whitespace-pre-wrap break-words\">\n<div class=\"markdown prose w-full break-words dark:prose-invert light\">\n<div class=\"flex flex-grow flex-col gap-3\">\n<div class=\"min-h-[20px] flex flex-col items-start gap-4 whitespace-pre-wrap break-words\">\n<div class=\"markdown prose w-full break-words dark:prose-invert light\">\n<div class=\"flex flex-grow flex-col gap-3\">\n<div class=\"min-h-[20px] flex flex-col items-start gap-4 whitespace-pre-wrap break-words\">\n<div>\n<div class=\"flex flex-grow flex-col gap-3\">\n<div class=\"min-h-[20px] flex flex-col items-start gap-4 whitespace-pre-wrap break-words\">\n<div class=\"markdown prose w-full break-words dark:prose-invert light\">\n<div class=\"flex flex-grow flex-col gap-3\">\n<div class=\"min-h-[20px] flex flex-col items-start gap-4 whitespace-pre-wrap break-words\">\n<div class=\"markdown prose w-full break-words dark:prose-invert light\">\n<p>Sujetador Olimpia Selene: es un sujetador moderno y elegante de la reconocida marca Selene, dise\u00f1ado para las mujeres con un tama\u00f1o de copa B. En tipo top, podr\u00e1s encontrarlo en blanco y negro. \u00a1Cualquier duda, env\u00edanos un mensaje!<\/p>\n<\/div>\n<\/div>\n<\/div>\n<\/div>\n<\/div>\n<\/div>\n<\/div>\n<\/div>\n<\/div>\n<\/div>\n<\/div>\n<\/div>\n<\/div>\n<\/div>\n<\/div>\n<p>&nbsp;<\/p>\n<\/div>\n<\/div>\n<\/div>\n<div id=\"tabla\">\n<p><strong>Tallas:<\/strong><\/p>\n<table>\n<tbody>\n<tr>\n<td>80<\/td>\n<td>85<\/td>\n<td>90<\/td>\n<td>95<\/td>\n<td>100<\/td>\n<\/tr>\n<\/tbody>\n<\/table>\n<p><strong>Colores:<\/strong><\/p>\n<table>\n<tbody>\n<tr>\n<td>Blanco<\/td>\n<td>Negro<\/td>\n<\/tr>\n<\/tbody>\n<\/table>\n<\/div>\n","protected":false},"excerpt":{"rendered":"<p>Sujetador Olimpia Selene: es un sujetador moderno y elegante de la reconocida marca Selene, dise\u00f1ado para las mujeres con un tama\u00f1o de copa B. En tipo top, podr\u00e1s encontrarlo en blanco y negro. \u00a1Cualquier duda, env\u00edanos un mensaje! &nbsp; Tallas: 80 85 90 95 100 Colores: Blanco Negro<\/p>\n","protected":false},"featured_media":4286,"template":"","meta":[],"product_brand":[],"product_cat":[241],"product_tag":[],"class_list":{"0":"post-5035","1":"product","2":"type-product","3":"status-publish","4":"has-post-thumbnail","6":"product_cat-selene-es","8":"first","9":"outofstock","10":"featured","11":"taxable","12":"shipping-taxable","13":"product-type-simple"},"_links":{"self":[{"href":"https:\/\/garola.es\/es\/wp-json\/wp\/v2\/product\/5035","targetHints":{"allow":["GET"]}}],"collection":[{"href":"https:\/\/garola.es\/es\/wp-json\/wp\/v2\/product"}],"about":[{"href":"https:\/\/garola.es\/es\/wp-json\/wp\/v2\/types\/product"}],"version-history":[{"count":0,"href":"https:\/\/garola.es\/es\/wp-json\/wp\/v2\/product\/5035\/revisions"}],"wp:featuredmedia":[{"embeddable":true,"href":"https:\/\/garola.es\/es\/wp-json\/wp\/v2\/media\/4286"}],"wp:attachment":[{"href":"https:\/\/garola.es\/es\/wp-json\/wp\/v2\/media?parent=5035"}],"wp:term":[{"taxonomy":"product_brand","embeddable":true,"href":"https:\/\/garola.es\/es\/wp-json\/wp\/v2\/product_brand?post=5035"},{"taxonomy":"product_cat","embeddable":true,"href":"https:\/\/garola.es\/es\/wp-json\/wp\/v2\/product_cat?post=5035"},{"taxonomy":"product_tag","embeddable":true,"href":"https:\/\/garola.es\/es\/wp-json\/wp\/v2\/product_tag?post=5035"}],"curies":[{"name":"wp","href":"https:\/\/api.w.org\/{rel}","templated":true}]}}