{"id":5037,"date":"2023-05-16T16:11:18","date_gmt":"2023-05-16T16:11:18","guid":{"rendered":"https:\/\/garola.es\/sujetador-naomi\/"},"modified":"2023-05-25T16:28:03","modified_gmt":"2023-05-25T16:28:03","slug":"sujetador-naomi-selene","status":"publish","type":"product","link":"https:\/\/garola.es\/es\/sujetador-naomi-selene\/","title":{"rendered":"Sujetador NAOMI"},"content":{"rendered":"<div class=\"flex flex-grow flex-col gap-3\">\n<div class=\"min-h-[20px] flex flex-col items-start gap-4 whitespace-pre-wrap break-words\">\n<div class=\"markdown prose w-full break-words dark:prose-invert light\">\n<div class=\"flex flex-grow flex-col gap-3\">\n<div class=\"min-h-[20px] flex flex-col items-start gap-4 whitespace-pre-wrap break-words\">\n<div class=\"markdown prose w-full break-words dark:prose-invert light\">\n<div class=\"flex flex-grow flex-col gap-3\">\n<div class=\"min-h-[20px] flex flex-col items-start gap-4 whitespace-pre-wrap break-words\">\n<div class=\"markdown prose w-full break-words dark:prose-invert light\">\n<div class=\"flex flex-grow flex-col gap-3\">\n<div class=\"min-h-[20px] flex flex-col items-start gap-4 whitespace-pre-wrap break-words\">\n<div>\n<div class=\"flex flex-grow flex-col gap-3\">\n<div class=\"min-h-[20px] flex flex-col items-start gap-4 whitespace-pre-wrap break-words\">\n<div class=\"markdown prose w-full break-words dark:prose-invert light\">\n<div class=\"flex flex-grow flex-col gap-3\">\n<div class=\"min-h-[20px] flex flex-col items-start gap-4 whitespace-pre-wrap break-words\">\n<div class=\"markdown prose w-full break-words dark:prose-invert light\">\n<p>Sujetador Naomi Selene: es un sujetador elegante de la reconocida marca Selene, creado para mujeres con un tama\u00f1o de copa C. Con un dise\u00f1o cuidado y sofisticado, este sujetador combina a la perfecci\u00f3n comodidad y estilo.<\/p>\n<\/div>\n<\/div>\n<\/div>\n<\/div>\n<\/div>\n<\/div>\n<\/div>\n<\/div>\n<\/div>\n<\/div>\n<\/div>\n<\/div>\n<\/div>\n<\/div>\n<\/div>\n<p>&nbsp;<\/p>\n<\/div>\n<\/div>\n<\/div>\n<div id=\"tabla\">\n<p><strong>Tallas:<\/strong><\/p>\n<table>\n<tbody>\n<tr>\n<td>90<\/td>\n<td>95<\/td>\n<td>100<\/td>\n<td>105<\/td>\n<td>110<\/td>\n<td>115<\/td>\n<\/tr>\n<\/tbody>\n<\/table>\n<p><strong>Colores:<\/strong><\/p>\n<table>\n<tbody>\n<tr>\n<td>Blanco<\/td>\n<\/tr>\n<\/tbody>\n<\/table>\n<\/div>\n","protected":false},"excerpt":{"rendered":"<p>Sujetador Naomi Selene: es un sujetador elegante de la reconocida marca Selene, creado para mujeres con un tama\u00f1o de copa C. Con un dise\u00f1o cuidado y sofisticado, este sujetador combina a la perfecci\u00f3n comodidad y estilo. &nbsp; Tallas: 90 95 100 105 110 115 Colores: Blanco<\/p>\n","protected":false},"featured_media":4278,"template":"","meta":[],"product_brand":[],"product_cat":[241],"product_tag":[],"class_list":{"0":"post-5037","1":"product","2":"type-product","3":"status-publish","4":"has-post-thumbnail","6":"product_cat-selene-es","8":"first","9":"outofstock","10":"featured","11":"taxable","12":"shipping-taxable","13":"product-type-simple"},"_links":{"self":[{"href":"https:\/\/garola.es\/es\/wp-json\/wp\/v2\/product\/5037","targetHints":{"allow":["GET"]}}],"collection":[{"href":"https:\/\/garola.es\/es\/wp-json\/wp\/v2\/product"}],"about":[{"href":"https:\/\/garola.es\/es\/wp-json\/wp\/v2\/types\/product"}],"version-history":[{"count":1,"href":"https:\/\/garola.es\/es\/wp-json\/wp\/v2\/product\/5037\/revisions"}],"predecessor-version":[{"id":5038,"href":"https:\/\/garola.es\/es\/wp-json\/wp\/v2\/product\/5037\/revisions\/5038"}],"wp:featuredmedia":[{"embeddable":true,"href":"https:\/\/garola.es\/es\/wp-json\/wp\/v2\/media\/4278"}],"wp:attachment":[{"href":"https:\/\/garola.es\/es\/wp-json\/wp\/v2\/media?parent=5037"}],"wp:term":[{"taxonomy":"product_brand","embeddable":true,"href":"https:\/\/garola.es\/es\/wp-json\/wp\/v2\/product_brand?post=5037"},{"taxonomy":"product_cat","embeddable":true,"href":"https:\/\/garola.es\/es\/wp-json\/wp\/v2\/product_cat?post=5037"},{"taxonomy":"product_tag","embeddable":true,"href":"https:\/\/garola.es\/es\/wp-json\/wp\/v2\/product_tag?post=5037"}],"curies":[{"name":"wp","href":"https:\/\/api.w.org\/{rel}","templated":true}]}}