{"id":5048,"date":"2023-05-16T11:10:59","date_gmt":"2023-05-16T11:10:59","guid":{"rendered":"https:\/\/garola.es\/sujetador-greta-selene\/"},"modified":"2023-05-16T11:10:59","modified_gmt":"2023-05-16T11:10:59","slug":"sostenidor-greta-selene","status":"publish","type":"product","link":"https:\/\/garola.es\/es\/sostenidor-greta-selene\/","title":{"rendered":"Sujetador GRETA Selene"},"content":{"rendered":"<div class=\"flex flex-grow flex-col gap-3\">\n<div class=\"min-h-[20px] flex flex-col items-start gap-4 whitespace-pre-wrap break-words\">\n<div class=\"markdown prose w-full break-words dark:prose-invert light\">\n<div class=\"flex flex-grow flex-col gap-3\">\n<div class=\"min-h-[20px] flex flex-col items-start gap-4 whitespace-pre-wrap break-words\">\n<div class=\"markdown prose w-full break-words dark:prose-invert light\">\n<div class=\"flex flex-grow flex-col gap-3\">\n<div class=\"min-h-[20px] flex flex-col items-start gap-4 whitespace-pre-wrap break-words\">\n<div class=\"markdown prose w-full break-words dark:prose-invert light\">\n<div class=\"flex flex-grow flex-col gap-3\">\n<div class=\"min-h-[20px] flex flex-col items-start gap-4 whitespace-pre-wrap break-words\">\n<div>Sujetador Greta Selene: es un sujetador vers\u00e1til y elegante que se presenta en cinco colores diferentes para que puedas elegir tu favorito. Con un dise\u00f1o cuidado y detalles sofisticados, este sujetador combina a la perfecci\u00f3n el estilo y el confort. Sus copas ofrecen un soporte adecuado y una forma natural en el pecho, mientras que la banda inferior ancha y el\u00e1stica garantiza un ajuste perfecto. Con Greta, podr\u00e1s sentirte c\u00f3moda y segura durante todo el d\u00eda, mientras luces un estilo impecable<\/div>\n<\/div>\n<\/div>\n<\/div>\n<\/div>\n<\/div>\n<\/div>\n<\/div>\n<\/div>\n<p>&nbsp;<\/p>\n<\/div>\n<\/div>\n<\/div>\n<div id=\"tabla\">\n<p><strong>Tallas:<\/strong><\/p>\n<table>\n<tbody>\n<tr>\n<td>90<\/td>\n<td>95<\/td>\n<td>100<\/td>\n<td>105<\/td>\n<\/tr>\n<\/tbody>\n<\/table>\n<p><strong>Colores:<\/strong><\/p>\n<table>\n<tbody>\n<tr>\n<td>Negro<\/td>\n<td>Rosa<\/td>\n<td>Marino<\/td>\n<td>Gris<\/td>\n<td>Tierra<\/td>\n<\/tr>\n<\/tbody>\n<\/table>\n<\/div>\n","protected":false},"excerpt":{"rendered":"<p>Sujetador Greta Selene: es un sujetador vers\u00e1til y elegante que se presenta en cinco colores diferentes para que puedas elegir tu favorito. Con un dise\u00f1o cuidado y detalles sofisticados, este sujetador combina a la perfecci\u00f3n el estilo y el confort. Sus copas ofrecen un soporte adecuado y una forma natural en el pecho, mientras que [&hellip;]<\/p>\n","protected":false},"featured_media":4214,"template":"","meta":[],"product_brand":[],"product_cat":[241],"product_tag":[],"class_list":{"0":"post-5048","1":"product","2":"type-product","3":"status-publish","4":"has-post-thumbnail","6":"product_cat-selene-es","8":"first","9":"outofstock","10":"featured","11":"taxable","12":"shipping-taxable","13":"product-type-simple"},"_links":{"self":[{"href":"https:\/\/garola.es\/es\/wp-json\/wp\/v2\/product\/5048","targetHints":{"allow":["GET"]}}],"collection":[{"href":"https:\/\/garola.es\/es\/wp-json\/wp\/v2\/product"}],"about":[{"href":"https:\/\/garola.es\/es\/wp-json\/wp\/v2\/types\/product"}],"version-history":[{"count":0,"href":"https:\/\/garola.es\/es\/wp-json\/wp\/v2\/product\/5048\/revisions"}],"wp:featuredmedia":[{"embeddable":true,"href":"https:\/\/garola.es\/es\/wp-json\/wp\/v2\/media\/4214"}],"wp:attachment":[{"href":"https:\/\/garola.es\/es\/wp-json\/wp\/v2\/media?parent=5048"}],"wp:term":[{"taxonomy":"product_brand","embeddable":true,"href":"https:\/\/garola.es\/es\/wp-json\/wp\/v2\/product_brand?post=5048"},{"taxonomy":"product_cat","embeddable":true,"href":"https:\/\/garola.es\/es\/wp-json\/wp\/v2\/product_cat?post=5048"},{"taxonomy":"product_tag","embeddable":true,"href":"https:\/\/garola.es\/es\/wp-json\/wp\/v2\/product_tag?post=5048"}],"curies":[{"name":"wp","href":"https:\/\/api.w.org\/{rel}","templated":true}]}}