{"id":5056,"date":"2023-05-16T10:05:04","date_gmt":"2023-05-16T10:05:04","guid":{"rendered":"https:\/\/garola.es\/sujetador-carolina-selene\/"},"modified":"2023-05-16T10:05:04","modified_gmt":"2023-05-16T10:05:04","slug":"sostenidor-carolina-selene","status":"publish","type":"product","link":"https:\/\/garola.es\/es\/sostenidor-carolina-selene\/","title":{"rendered":"Sujetador CAROLINA Selene"},"content":{"rendered":"<div class=\"flex flex-grow flex-col gap-3\">\n<div class=\"min-h-[20px] flex flex-col items-start gap-4 whitespace-pre-wrap break-words\">\n<div class=\"markdown prose w-full break-words dark:prose-invert light\">\n<div class=\"flex flex-grow flex-col gap-3\">\n<div class=\"min-h-[20px] flex flex-col items-start gap-4 whitespace-pre-wrap break-words\">\n<div class=\"markdown prose w-full break-words dark:prose-invert light\">\n<div class=\"flex flex-grow flex-col gap-3\">\n<div class=\"min-h-[20px] flex flex-col items-start gap-4 whitespace-pre-wrap break-words\">\n<div class=\"markdown prose w-full break-words dark:prose-invert light\">\n<div class=\"flex flex-grow flex-col gap-3\">\n<div class=\"min-h-[20px] flex flex-col items-start gap-4 whitespace-pre-wrap break-words\">\n<div class=\"markdown prose w-full break-words dark:prose-invert light\">\n<p>El sujetador Carolina de la marca Selene es una aut\u00e9ntica joya de la ropa \u00edntima, que combina a la perfecci\u00f3n la elegancia, el confort y el soporte necesario para las mujeres que buscan una prenda de calidad. Con una amplia gama de tallas, desde la 85 hasta la 100, y una copa B, este sujetador es perfecto para adaptarse a las formas y necesidades de cada mujer.<\/p>\n<p>Las copas del sujetador Carolina son de cobertura completa y est\u00e1n dise\u00f1adas con una forma suave y natural que realza la figura femenina. El tejido suave y transpirable proporciona una sensaci\u00f3n de comodidad y frescura durante todo el d\u00eda. Las copas ofrecen un ajuste perfecto y un soporte \u00f3ptimo para mantener el pecho en la posici\u00f3n adecuada.<\/p>\n<\/div>\n<\/div>\n<\/div>\n<\/div>\n<\/div>\n<\/div>\n<\/div>\n<\/div>\n<\/div>\n<p>&nbsp;<\/p>\n<\/div>\n<\/div>\n<\/div>\n<div class=\"flex justify-between lg:block\">\n<div class=\"text-gray-400 flex self-end lg:self-center justify-center mt-2 gap-2 md:gap-3 lg:gap-1 lg:absolute lg:top-0 lg:translate-x-full lg:right-0 lg:mt-0 lg:pl-2 visible\"><\/div>\n<\/div>\n<div id=\"tabla\">\n<p><strong>Tallas:<\/strong><\/p>\n<table>\n<tbody>\n<tr>\n<td>85<\/td>\n<td>90<\/td>\n<td>95<\/td>\n<td>100<\/td>\n<\/tr>\n<\/tbody>\n<\/table>\n<p><strong>Colores:<\/strong><\/p>\n<table>\n<tbody>\n<tr>\n<td>Blanco<\/td>\n<td>Negro<\/td>\n<td>Tierra<\/td>\n<\/tr>\n<\/tbody>\n<\/table>\n<\/div>\n","protected":false},"excerpt":{"rendered":"<p>El sujetador Carolina de la marca Selene es una aut\u00e9ntica joya de la ropa \u00edntima, que combina a la perfecci\u00f3n la elegancia, el confort y el soporte necesario para las mujeres que buscan una prenda de calidad. Con una amplia gama de tallas, desde la 85 hasta la 100, y una copa B, este sujetador [&hellip;]<\/p>\n","protected":false},"featured_media":4186,"template":"","meta":[],"product_brand":[],"product_cat":[241],"product_tag":[],"class_list":{"0":"post-5056","1":"product","2":"type-product","3":"status-publish","4":"has-post-thumbnail","6":"product_cat-selene-es","8":"first","9":"outofstock","10":"featured","11":"taxable","12":"shipping-taxable","13":"product-type-simple"},"_links":{"self":[{"href":"https:\/\/garola.es\/es\/wp-json\/wp\/v2\/product\/5056","targetHints":{"allow":["GET"]}}],"collection":[{"href":"https:\/\/garola.es\/es\/wp-json\/wp\/v2\/product"}],"about":[{"href":"https:\/\/garola.es\/es\/wp-json\/wp\/v2\/types\/product"}],"version-history":[{"count":0,"href":"https:\/\/garola.es\/es\/wp-json\/wp\/v2\/product\/5056\/revisions"}],"wp:featuredmedia":[{"embeddable":true,"href":"https:\/\/garola.es\/es\/wp-json\/wp\/v2\/media\/4186"}],"wp:attachment":[{"href":"https:\/\/garola.es\/es\/wp-json\/wp\/v2\/media?parent=5056"}],"wp:term":[{"taxonomy":"product_brand","embeddable":true,"href":"https:\/\/garola.es\/es\/wp-json\/wp\/v2\/product_brand?post=5056"},{"taxonomy":"product_cat","embeddable":true,"href":"https:\/\/garola.es\/es\/wp-json\/wp\/v2\/product_cat?post=5056"},{"taxonomy":"product_tag","embeddable":true,"href":"https:\/\/garola.es\/es\/wp-json\/wp\/v2\/product_tag?post=5056"}],"curies":[{"name":"wp","href":"https:\/\/api.w.org\/{rel}","templated":true}]}}