{"id":5057,"date":"2023-05-16T08:27:47","date_gmt":"2023-05-16T08:27:47","guid":{"rendered":"https:\/\/garola.es\/sujetador-ainoa-selene\/"},"modified":"2023-05-16T08:27:47","modified_gmt":"2023-05-16T08:27:47","slug":"sostenidor-ainoa-selene","status":"publish","type":"product","link":"https:\/\/garola.es\/es\/sostenidor-ainoa-selene\/","title":{"rendered":"Sujetador AINOA Selene"},"content":{"rendered":"<p>El sujetador Ainoa de la marca Selene es una elecci\u00f3n perfecta para las mujeres que buscan comodidad y soporte sin dejar de lado el estilo. Este sujetador combina una gran variedad de caracter\u00edsticas que hacen una opci\u00f3n vers\u00e1til y funcional para cada ocasi\u00f3n.<\/p>\n<div id=\"tabla\">\n<p><strong>Tallas:<\/strong><\/p>\n<table>\n<tbody>\n<tr>\n<td>85<\/td>\n<td>90<\/td>\n<td>95<\/td>\n<td>100<\/td>\n<td>105<\/td>\n<\/tr>\n<\/tbody>\n<\/table>\n<p><strong>Colores:<\/strong><\/p>\n<table>\n<tbody>\n<tr>\n<td>Blanco<\/td>\n<td>Negro<\/td>\n<td>Tierra<\/td>\n<\/tr>\n<\/tbody>\n<\/table>\n<\/div>\n","protected":false},"excerpt":{"rendered":"<p>El sujetador Ainoa de la marca Selene es una elecci\u00f3n perfecta para las mujeres que buscan comodidad y soporte sin dejar de lado el estilo. Este sujetador combina una gran variedad de caracter\u00edsticas que hacen una opci\u00f3n vers\u00e1til y funcional para cada ocasi\u00f3n. Tallas: 85 90 95 100 105 Colores: Blanco Negro Tierra<\/p>\n","protected":false},"featured_media":4158,"template":"","meta":[],"product_brand":[],"product_cat":[241],"product_tag":[],"class_list":{"0":"post-5057","1":"product","2":"type-product","3":"status-publish","4":"has-post-thumbnail","6":"product_cat-selene-es","8":"first","9":"outofstock","10":"featured","11":"taxable","12":"shipping-taxable","13":"product-type-simple"},"_links":{"self":[{"href":"https:\/\/garola.es\/es\/wp-json\/wp\/v2\/product\/5057","targetHints":{"allow":["GET"]}}],"collection":[{"href":"https:\/\/garola.es\/es\/wp-json\/wp\/v2\/product"}],"about":[{"href":"https:\/\/garola.es\/es\/wp-json\/wp\/v2\/types\/product"}],"version-history":[{"count":0,"href":"https:\/\/garola.es\/es\/wp-json\/wp\/v2\/product\/5057\/revisions"}],"wp:featuredmedia":[{"embeddable":true,"href":"https:\/\/garola.es\/es\/wp-json\/wp\/v2\/media\/4158"}],"wp:attachment":[{"href":"https:\/\/garola.es\/es\/wp-json\/wp\/v2\/media?parent=5057"}],"wp:term":[{"taxonomy":"product_brand","embeddable":true,"href":"https:\/\/garola.es\/es\/wp-json\/wp\/v2\/product_brand?post=5057"},{"taxonomy":"product_cat","embeddable":true,"href":"https:\/\/garola.es\/es\/wp-json\/wp\/v2\/product_cat?post=5057"},{"taxonomy":"product_tag","embeddable":true,"href":"https:\/\/garola.es\/es\/wp-json\/wp\/v2\/product_tag?post=5057"}],"curies":[{"name":"wp","href":"https:\/\/api.w.org\/{rel}","templated":true}]}}