{"id":5146,"date":"2023-05-13T17:24:05","date_gmt":"2023-05-13T17:24:05","guid":{"rendered":"https:\/\/garola.es\/panty-termico\/"},"modified":"2023-05-13T17:24:05","modified_gmt":"2023-05-13T17:24:05","slug":"panty-termic","status":"publish","type":"product","link":"https:\/\/garola.es\/es\/panty-termic\/","title":{"rendered":"Panty t\u00e9rmico"},"content":{"rendered":"<p>Panties t\u00e9rmicos en diferentes tallas y dianenses seg\u00fan el fr\u00edo que haga<\/p>\n<p>De 70 deniers hasta los 200.<\/p>\n<p>Colores negro,marino,marr\u00f3n,granate&#8230;<\/p>\n<p>&nbsp;<\/p>\n<p>&nbsp;<\/p>\n<p>&nbsp;<\/p>\n<p>&nbsp;<\/p>\n<p>&nbsp;<\/p>\n","protected":false},"excerpt":{"rendered":"<p>Conjuntito recien nacido<\/p>\n<p>Diferentes modelos a elegir Tallas 0 a 1<\/p>\n","protected":false},"featured_media":4800,"template":"","meta":[],"product_brand":[],"product_cat":[128],"product_tag":[],"class_list":{"0":"post-5146","1":"product","2":"type-product","3":"status-publish","4":"has-post-thumbnail","6":"product_cat-legwear-es","8":"first","9":"instock","10":"taxable","11":"shipping-taxable","12":"product-type-simple"},"_links":{"self":[{"href":"https:\/\/garola.es\/es\/wp-json\/wp\/v2\/product\/5146","targetHints":{"allow":["GET"]}}],"collection":[{"href":"https:\/\/garola.es\/es\/wp-json\/wp\/v2\/product"}],"about":[{"href":"https:\/\/garola.es\/es\/wp-json\/wp\/v2\/types\/product"}],"version-history":[{"count":0,"href":"https:\/\/garola.es\/es\/wp-json\/wp\/v2\/product\/5146\/revisions"}],"wp:featuredmedia":[{"embeddable":true,"href":"https:\/\/garola.es\/es\/wp-json\/wp\/v2\/media\/4800"}],"wp:attachment":[{"href":"https:\/\/garola.es\/es\/wp-json\/wp\/v2\/media?parent=5146"}],"wp:term":[{"taxonomy":"product_brand","embeddable":true,"href":"https:\/\/garola.es\/es\/wp-json\/wp\/v2\/product_brand?post=5146"},{"taxonomy":"product_cat","embeddable":true,"href":"https:\/\/garola.es\/es\/wp-json\/wp\/v2\/product_cat?post=5146"},{"taxonomy":"product_tag","embeddable":true,"href":"https:\/\/garola.es\/es\/wp-json\/wp\/v2\/product_tag?post=5146"}],"curies":[{"name":"wp","href":"https:\/\/api.w.org\/{rel}","templated":true}]}}