{"id":5155,"date":"2023-05-11T10:29:43","date_gmt":"2023-05-11T10:29:43","guid":{"rendered":"https:\/\/garola.es\/calcetin-suave-termico-sin-puno\/"},"modified":"2023-05-11T10:29:43","modified_gmt":"2023-05-11T10:29:43","slug":"mitjo-suau-termic-sense-puny","status":"publish","type":"product","link":"https:\/\/garola.es\/es\/mitjo-suau-termic-sense-puny\/","title":{"rendered":"Calcet\u00edn suave t\u00e9rmico sin pu\u00f1o"},"content":{"rendered":"<p>Calcet\u00edn grueso, lo que se llama calcet\u00edn t\u00e9rmico, disponible en cuatro colores diferentes<\/p>\n<p>Pero en este caso, sin pu\u00f1o arriba, para favorecer la circulaci\u00f3n y para que no oprima la goma el\u00e1stica.<\/p>\n<p>Tallas de la 36 a la 41 para mujer y 41-46 para mujer<\/p>\n<p>&nbsp;<\/p>\n<p>&nbsp;<\/p>\n<p>&nbsp;<\/p>\n<p>&nbsp;<\/p>\n","protected":false},"excerpt":{"rendered":"<p>Conjuntito recien nacido<\/p>\n<p>Diferentes modelos a elegir Tallas 0 a 1<\/p>\n","protected":false},"featured_media":3863,"template":"","meta":[],"product_brand":[],"product_cat":[134,128],"product_tag":[],"class_list":{"0":"post-5155","1":"product","2":"type-product","3":"status-publish","4":"has-post-thumbnail","6":"product_cat-calcetines","7":"product_cat-legwear-es","9":"first","10":"instock","11":"taxable","12":"shipping-taxable","13":"product-type-simple"},"_links":{"self":[{"href":"https:\/\/garola.es\/es\/wp-json\/wp\/v2\/product\/5155","targetHints":{"allow":["GET"]}}],"collection":[{"href":"https:\/\/garola.es\/es\/wp-json\/wp\/v2\/product"}],"about":[{"href":"https:\/\/garola.es\/es\/wp-json\/wp\/v2\/types\/product"}],"version-history":[{"count":0,"href":"https:\/\/garola.es\/es\/wp-json\/wp\/v2\/product\/5155\/revisions"}],"wp:featuredmedia":[{"embeddable":true,"href":"https:\/\/garola.es\/es\/wp-json\/wp\/v2\/media\/3863"}],"wp:attachment":[{"href":"https:\/\/garola.es\/es\/wp-json\/wp\/v2\/media?parent=5155"}],"wp:term":[{"taxonomy":"product_brand","embeddable":true,"href":"https:\/\/garola.es\/es\/wp-json\/wp\/v2\/product_brand?post=5155"},{"taxonomy":"product_cat","embeddable":true,"href":"https:\/\/garola.es\/es\/wp-json\/wp\/v2\/product_cat?post=5155"},{"taxonomy":"product_tag","embeddable":true,"href":"https:\/\/garola.es\/es\/wp-json\/wp\/v2\/product_tag?post=5155"}],"curies":[{"name":"wp","href":"https:\/\/api.w.org\/{rel}","templated":true}]}}