{"id":5158,"date":"2023-05-11T10:17:38","date_gmt":"2023-05-11T10:17:38","guid":{"rendered":"https:\/\/garola.es\/calcetin-bambu-sin-puno\/"},"modified":"2023-05-11T10:17:38","modified_gmt":"2023-05-11T10:17:38","slug":"mitjo-bambu-sense-puny","status":"publish","type":"product","link":"https:\/\/garola.es\/es\/mitjo-bambu-sense-puny\/","title":{"rendered":"Calcet\u00edn bamb\u00fa sin pu\u00f1o"},"content":{"rendered":"<p>Calcet\u00edn de bamb\u00fa elaborado con fibra natural, en este caso sin pu\u00f1o, para gente que tiene problemas de circulaci\u00f3n.<\/p>\n<p>Ideal para entretiempo y verano, ya que destaca por ser un calcet\u00edn suave y m\u00e1s bien fino<\/p>\n<p>Varios colores a elegir.<\/p>\n<p>Talla \u00fanica para mujer y hombre (36-41 y 41-46 respectivamente)<\/p>\n<p>&nbsp;<\/p>\n<p>&nbsp;<\/p>\n<p>&nbsp;<\/p>\n<p>&nbsp;<\/p>\n<p>&nbsp;<\/p>\n","protected":false},"excerpt":{"rendered":"<p>Conjuntito recien nacido<\/p>\n<p>Diferentes modelos a elegir Tallas 0 a 1<\/p>\n","protected":false},"featured_media":3827,"template":"","meta":[],"product_brand":[],"product_cat":[134,128],"product_tag":[],"class_list":{"0":"post-5158","1":"product","2":"type-product","3":"status-publish","4":"has-post-thumbnail","6":"product_cat-calcetines","7":"product_cat-legwear-es","9":"first","10":"instock","11":"taxable","12":"shipping-taxable","13":"product-type-simple"},"_links":{"self":[{"href":"https:\/\/garola.es\/es\/wp-json\/wp\/v2\/product\/5158","targetHints":{"allow":["GET"]}}],"collection":[{"href":"https:\/\/garola.es\/es\/wp-json\/wp\/v2\/product"}],"about":[{"href":"https:\/\/garola.es\/es\/wp-json\/wp\/v2\/types\/product"}],"version-history":[{"count":0,"href":"https:\/\/garola.es\/es\/wp-json\/wp\/v2\/product\/5158\/revisions"}],"wp:featuredmedia":[{"embeddable":true,"href":"https:\/\/garola.es\/es\/wp-json\/wp\/v2\/media\/3827"}],"wp:attachment":[{"href":"https:\/\/garola.es\/es\/wp-json\/wp\/v2\/media?parent=5158"}],"wp:term":[{"taxonomy":"product_brand","embeddable":true,"href":"https:\/\/garola.es\/es\/wp-json\/wp\/v2\/product_brand?post=5158"},{"taxonomy":"product_cat","embeddable":true,"href":"https:\/\/garola.es\/es\/wp-json\/wp\/v2\/product_cat?post=5158"},{"taxonomy":"product_tag","embeddable":true,"href":"https:\/\/garola.es\/es\/wp-json\/wp\/v2\/product_tag?post=5158"}],"curies":[{"name":"wp","href":"https:\/\/api.w.org\/{rel}","templated":true}]}}