{"id":5159,"date":"2023-05-11T10:13:59","date_gmt":"2023-05-11T10:13:59","guid":{"rendered":"https:\/\/garola.es\/calcetin-bambu\/"},"modified":"2023-05-30T08:20:23","modified_gmt":"2023-05-30T08:20:23","slug":"mitjo-bambu","status":"publish","type":"product","link":"https:\/\/garola.es\/es\/mitjo-bambu\/","title":{"rendered":"Calcet\u00edn bamb\u00fa"},"content":{"rendered":"<p>Calcet\u00edn de bamb\u00fa elaborado con fibra natural<\/p>\n<p>Ideal para entretiempo y verano, ya que destaca por ser un calcet\u00edn suave y m\u00e1s bien fino<\/p>\n<p>Varios colores a elegir.<\/p>\n<p>Talla \u00fanica para mujer y hombre (36-41 y 41-46 respectivamente)<\/p>\n<p>&nbsp;<\/p>\n<p>&nbsp;<\/p>\n<p>&nbsp;<\/p>\n<p>&nbsp;<\/p>\n<p>&nbsp;<\/p>\n","protected":false},"excerpt":{"rendered":"<p>Conjuntito recien nacido<\/p>\n<p>Diferentes modelos a elegir Tallas 0 a 1<\/p>\n","protected":false},"featured_media":3821,"template":"","meta":[],"product_brand":[],"product_cat":[134,128],"product_tag":[],"class_list":{"0":"post-5159","1":"product","2":"type-product","3":"status-publish","4":"has-post-thumbnail","6":"product_cat-calcetines","7":"product_cat-legwear-es","9":"first","10":"instock","11":"taxable","12":"shipping-taxable","13":"product-type-simple"},"_links":{"self":[{"href":"https:\/\/garola.es\/es\/wp-json\/wp\/v2\/product\/5159","targetHints":{"allow":["GET"]}}],"collection":[{"href":"https:\/\/garola.es\/es\/wp-json\/wp\/v2\/product"}],"about":[{"href":"https:\/\/garola.es\/es\/wp-json\/wp\/v2\/types\/product"}],"version-history":[{"count":1,"href":"https:\/\/garola.es\/es\/wp-json\/wp\/v2\/product\/5159\/revisions"}],"predecessor-version":[{"id":5160,"href":"https:\/\/garola.es\/es\/wp-json\/wp\/v2\/product\/5159\/revisions\/5160"}],"wp:featuredmedia":[{"embeddable":true,"href":"https:\/\/garola.es\/es\/wp-json\/wp\/v2\/media\/3821"}],"wp:attachment":[{"href":"https:\/\/garola.es\/es\/wp-json\/wp\/v2\/media?parent=5159"}],"wp:term":[{"taxonomy":"product_brand","embeddable":true,"href":"https:\/\/garola.es\/es\/wp-json\/wp\/v2\/product_brand?post=5159"},{"taxonomy":"product_cat","embeddable":true,"href":"https:\/\/garola.es\/es\/wp-json\/wp\/v2\/product_cat?post=5159"},{"taxonomy":"product_tag","embeddable":true,"href":"https:\/\/garola.es\/es\/wp-json\/wp\/v2\/product_tag?post=5159"}],"curies":[{"name":"wp","href":"https:\/\/api.w.org\/{rel}","templated":true}]}}