{"id":5196,"date":"2023-04-28T09:18:06","date_gmt":"2023-04-28T09:18:06","guid":{"rendered":"https:\/\/garola.es\/bolsa-gegants-de-reus\/"},"modified":"2023-05-30T10:50:57","modified_gmt":"2023-05-30T10:50:57","slug":"bossa-gegants-de-reus","status":"publish","type":"product","link":"https:\/\/garola.es\/es\/bossa-gegants-de-reus\/","title":{"rendered":"Bolsa Gegants de Reus"},"content":{"rendered":"<p>Bolsita de los Gigantes de Reus. Dos tama\u00f1os diferentes, el tama\u00f1o grande es para poner la ropa y la peque\u00f1a para el desayuno\/merienda. En diferentes colores a escojer<\/p>\n","protected":false},"excerpt":{"rendered":"<p>Conjuntito recien nacido<\/p>\n<p>Diferentes modelos a elegir Tallas 0 a 1<\/p>\n","protected":false},"featured_media":2695,"template":"","meta":[],"product_brand":[],"product_cat":[142],"product_tag":[],"class_list":{"0":"post-5196","1":"product","2":"type-product","3":"status-publish","4":"has-post-thumbnail","6":"product_cat-complementos-nino","8":"first","9":"instock","10":"taxable","11":"shipping-taxable","12":"product-type-simple"},"_links":{"self":[{"href":"https:\/\/garola.es\/es\/wp-json\/wp\/v2\/product\/5196","targetHints":{"allow":["GET"]}}],"collection":[{"href":"https:\/\/garola.es\/es\/wp-json\/wp\/v2\/product"}],"about":[{"href":"https:\/\/garola.es\/es\/wp-json\/wp\/v2\/types\/product"}],"version-history":[{"count":1,"href":"https:\/\/garola.es\/es\/wp-json\/wp\/v2\/product\/5196\/revisions"}],"predecessor-version":[{"id":5197,"href":"https:\/\/garola.es\/es\/wp-json\/wp\/v2\/product\/5196\/revisions\/5197"}],"wp:featuredmedia":[{"embeddable":true,"href":"https:\/\/garola.es\/es\/wp-json\/wp\/v2\/media\/2695"}],"wp:attachment":[{"href":"https:\/\/garola.es\/es\/wp-json\/wp\/v2\/media?parent=5196"}],"wp:term":[{"taxonomy":"product_brand","embeddable":true,"href":"https:\/\/garola.es\/es\/wp-json\/wp\/v2\/product_brand?post=5196"},{"taxonomy":"product_cat","embeddable":true,"href":"https:\/\/garola.es\/es\/wp-json\/wp\/v2\/product_cat?post=5196"},{"taxonomy":"product_tag","embeddable":true,"href":"https:\/\/garola.es\/es\/wp-json\/wp\/v2\/product_tag?post=5196"}],"curies":[{"name":"wp","href":"https:\/\/api.w.org\/{rel}","templated":true}]}}