{"id":5202,"date":"2023-04-29T09:04:10","date_gmt":"2023-04-29T09:04:10","guid":{"rendered":"https:\/\/garola.es\/pijama-algodon\/"},"modified":"2023-04-29T09:04:10","modified_gmt":"2023-04-29T09:04:10","slug":"pijama-coto","status":"publish","type":"product","link":"https:\/\/garola.es\/es\/pijama-coto\/","title":{"rendered":"Pijama algod\u00f3n"},"content":{"rendered":"<p>El pijama algod\u00f3n, en formato 100% o bien con mezcla de poli\u00e9ster\/lycra, es uno de nuestros b\u00e1sicos y un top ventas.<\/p>\n<p>Disponemos de diferentes marcas a nuestro alcance, con un amplio surtido de precios y modelos.<\/p>\n<p>Rallados, con estampado, lisos, con dibujo.<\/p>\n<p>Tallas de la S a la 5XL !<\/p>\n","protected":false},"excerpt":{"rendered":"<p>Conjuntito recien nacido<\/p>\n<p>Diferentes modelos a elegir Tallas 0 a 1<\/p>\n","protected":false},"featured_media":2811,"template":"","meta":[],"product_brand":[],"product_cat":[133],"product_tag":[],"class_list":{"0":"post-5202","1":"product","2":"type-product","3":"status-publish","4":"has-post-thumbnail","6":"product_cat-invierno","8":"first","9":"instock","10":"taxable","11":"shipping-taxable","12":"product-type-simple"},"_links":{"self":[{"href":"https:\/\/garola.es\/es\/wp-json\/wp\/v2\/product\/5202","targetHints":{"allow":["GET"]}}],"collection":[{"href":"https:\/\/garola.es\/es\/wp-json\/wp\/v2\/product"}],"about":[{"href":"https:\/\/garola.es\/es\/wp-json\/wp\/v2\/types\/product"}],"version-history":[{"count":0,"href":"https:\/\/garola.es\/es\/wp-json\/wp\/v2\/product\/5202\/revisions"}],"wp:featuredmedia":[{"embeddable":true,"href":"https:\/\/garola.es\/es\/wp-json\/wp\/v2\/media\/2811"}],"wp:attachment":[{"href":"https:\/\/garola.es\/es\/wp-json\/wp\/v2\/media?parent=5202"}],"wp:term":[{"taxonomy":"product_brand","embeddable":true,"href":"https:\/\/garola.es\/es\/wp-json\/wp\/v2\/product_brand?post=5202"},{"taxonomy":"product_cat","embeddable":true,"href":"https:\/\/garola.es\/es\/wp-json\/wp\/v2\/product_cat?post=5202"},{"taxonomy":"product_tag","embeddable":true,"href":"https:\/\/garola.es\/es\/wp-json\/wp\/v2\/product_tag?post=5202"}],"curies":[{"name":"wp","href":"https:\/\/api.w.org\/{rel}","templated":true}]}}