{"id":5221,"date":"2023-05-11T08:45:35","date_gmt":"2023-05-11T08:45:35","guid":{"rendered":"https:\/\/garola.es\/coderas\/"},"modified":"2023-07-04T07:09:51","modified_gmt":"2023-07-04T07:09:51","slug":"colzeres","status":"publish","type":"product","link":"https:\/\/garola.es\/es\/colzeres\/","title":{"rendered":"Coderas"},"content":{"rendered":"<p>Diferentes colores a elegir.<\/p>\n<p>Tambi\u00e9n tenemos coderas en formato n\u00famero, pensadas para los equipos de f\u00fatbol, \u200b\u200bbaloncesto&#8230; del cole para los m\u00e1s peque\u00f1os, as\u00ed como pegatinas de dibujos que salen de los colores lisos.<\/p>\n<p>&nbsp;<\/p>\n<p>&nbsp;<\/p>\n<p>&nbsp;<\/p>\n<p>&nbsp;<\/p>\n","protected":false},"excerpt":{"rendered":"<p>Conjuntito recien nacido<\/p>\n<p>Diferentes modelos a elegir Tallas 0 a 1<\/p>\n","protected":false},"featured_media":3678,"template":"","meta":[],"product_brand":[],"product_cat":[138],"product_tag":[],"class_list":{"0":"post-5221","1":"product","2":"type-product","3":"status-publish","4":"has-post-thumbnail","6":"product_cat-merceria-es","8":"first","9":"instock","10":"taxable","11":"shipping-taxable","12":"product-type-simple"},"_links":{"self":[{"href":"https:\/\/garola.es\/es\/wp-json\/wp\/v2\/product\/5221","targetHints":{"allow":["GET"]}}],"collection":[{"href":"https:\/\/garola.es\/es\/wp-json\/wp\/v2\/product"}],"about":[{"href":"https:\/\/garola.es\/es\/wp-json\/wp\/v2\/types\/product"}],"version-history":[{"count":1,"href":"https:\/\/garola.es\/es\/wp-json\/wp\/v2\/product\/5221\/revisions"}],"predecessor-version":[{"id":5746,"href":"https:\/\/garola.es\/es\/wp-json\/wp\/v2\/product\/5221\/revisions\/5746"}],"wp:featuredmedia":[{"embeddable":true,"href":"https:\/\/garola.es\/es\/wp-json\/wp\/v2\/media\/3678"}],"wp:attachment":[{"href":"https:\/\/garola.es\/es\/wp-json\/wp\/v2\/media?parent=5221"}],"wp:term":[{"taxonomy":"product_brand","embeddable":true,"href":"https:\/\/garola.es\/es\/wp-json\/wp\/v2\/product_brand?post=5221"},{"taxonomy":"product_cat","embeddable":true,"href":"https:\/\/garola.es\/es\/wp-json\/wp\/v2\/product_cat?post=5221"},{"taxonomy":"product_tag","embeddable":true,"href":"https:\/\/garola.es\/es\/wp-json\/wp\/v2\/product_tag?post=5221"}],"curies":[{"name":"wp","href":"https:\/\/api.w.org\/{rel}","templated":true}]}}