{"id":5222,"date":"2023-05-11T08:42:14","date_gmt":"2023-05-11T08:42:14","guid":{"rendered":"https:\/\/garola.es\/lana\/"},"modified":"2023-05-11T08:42:14","modified_gmt":"2023-05-11T08:42:14","slug":"llana","status":"publish","type":"product","link":"https:\/\/garola.es\/es\/llana\/","title":{"rendered":"Lana"},"content":{"rendered":"<p>Tenemos un formato muy amplio en lanas en nuestra tienda<\/p>\n<p>Desde la lana fina, m\u00e1s bien para hacer ropa de peque\u00f1o y peque\u00f1as labores, a lana muy gruesa para hacer prendas de extremo invierno, como bufandas, chales, bragas de cuello o jerseis.<\/p>\n<p>Destacamos por un muy amplio surtido de colores (en algunos proveedores disponemos de hasta 30 colores distintos para combinarlos como quieras)<\/p>\n<p>Las composiciones var\u00edan seg\u00fan el proveedor, pero en su mayor\u00eda es lycra, y en algunas ocasiones mezcla de lana y poli\u00e9ster.<\/p>\n<p>&nbsp;<\/p>\n<p>&nbsp;<\/p>\n<p>&nbsp;<\/p>\n","protected":false},"excerpt":{"rendered":"<p>Conjuntito recien nacido<\/p>\n<p>Diferentes modelos a elegir Tallas 0 a 1<\/p>\n","protected":false},"featured_media":3680,"template":"","meta":[],"product_brand":[],"product_cat":[138],"product_tag":[],"class_list":{"0":"post-5222","1":"product","2":"type-product","3":"status-publish","4":"has-post-thumbnail","6":"product_cat-merceria-es","8":"first","9":"instock","10":"taxable","11":"shipping-taxable","12":"product-type-simple"},"_links":{"self":[{"href":"https:\/\/garola.es\/es\/wp-json\/wp\/v2\/product\/5222","targetHints":{"allow":["GET"]}}],"collection":[{"href":"https:\/\/garola.es\/es\/wp-json\/wp\/v2\/product"}],"about":[{"href":"https:\/\/garola.es\/es\/wp-json\/wp\/v2\/types\/product"}],"version-history":[{"count":0,"href":"https:\/\/garola.es\/es\/wp-json\/wp\/v2\/product\/5222\/revisions"}],"wp:featuredmedia":[{"embeddable":true,"href":"https:\/\/garola.es\/es\/wp-json\/wp\/v2\/media\/3680"}],"wp:attachment":[{"href":"https:\/\/garola.es\/es\/wp-json\/wp\/v2\/media?parent=5222"}],"wp:term":[{"taxonomy":"product_brand","embeddable":true,"href":"https:\/\/garola.es\/es\/wp-json\/wp\/v2\/product_brand?post=5222"},{"taxonomy":"product_cat","embeddable":true,"href":"https:\/\/garola.es\/es\/wp-json\/wp\/v2\/product_cat?post=5222"},{"taxonomy":"product_tag","embeddable":true,"href":"https:\/\/garola.es\/es\/wp-json\/wp\/v2\/product_tag?post=5222"}],"curies":[{"name":"wp","href":"https:\/\/api.w.org\/{rel}","templated":true}]}}