{"id":5236,"date":"2023-05-09T17:59:38","date_gmt":"2023-05-09T17:59:38","guid":{"rendered":"https:\/\/garola.es\/pijama-tirantes\/"},"modified":"2023-05-09T17:59:38","modified_gmt":"2023-05-09T17:59:38","slug":"pijama-tirants-2","status":"publish","type":"product","link":"https:\/\/garola.es\/es\/pijama-tirants-2\/","title":{"rendered":"Pijama tirantes"},"content":{"rendered":"<p>Ideales para los meses m\u00e1s calurosos. Tanto como para ni\u00f1o como para ni\u00f1a<\/p>\n<p>Tallas de la 2 a la 18.<\/p>\n<p>Normalmente, composici\u00f3n 100% algod\u00f3n<\/p>\n<p>&nbsp;<\/p>\n","protected":false},"excerpt":{"rendered":"<p>Conjuntito recien nacido<\/p>\n<p>Diferentes modelos a elegir Tallas 0 a 1<\/p>\n","protected":false},"featured_media":3423,"template":"","meta":[],"product_brand":[],"product_cat":[143],"product_tag":[],"class_list":{"0":"post-5236","1":"product","2":"type-product","3":"status-publish","4":"has-post-thumbnail","6":"product_cat-verano-nino","8":"first","9":"instock","10":"taxable","11":"shipping-taxable","12":"product-type-simple"},"_links":{"self":[{"href":"https:\/\/garola.es\/es\/wp-json\/wp\/v2\/product\/5236","targetHints":{"allow":["GET"]}}],"collection":[{"href":"https:\/\/garola.es\/es\/wp-json\/wp\/v2\/product"}],"about":[{"href":"https:\/\/garola.es\/es\/wp-json\/wp\/v2\/types\/product"}],"version-history":[{"count":0,"href":"https:\/\/garola.es\/es\/wp-json\/wp\/v2\/product\/5236\/revisions"}],"wp:featuredmedia":[{"embeddable":true,"href":"https:\/\/garola.es\/es\/wp-json\/wp\/v2\/media\/3423"}],"wp:attachment":[{"href":"https:\/\/garola.es\/es\/wp-json\/wp\/v2\/media?parent=5236"}],"wp:term":[{"taxonomy":"product_brand","embeddable":true,"href":"https:\/\/garola.es\/es\/wp-json\/wp\/v2\/product_brand?post=5236"},{"taxonomy":"product_cat","embeddable":true,"href":"https:\/\/garola.es\/es\/wp-json\/wp\/v2\/product_cat?post=5236"},{"taxonomy":"product_tag","embeddable":true,"href":"https:\/\/garola.es\/es\/wp-json\/wp\/v2\/product_tag?post=5236"}],"curies":[{"name":"wp","href":"https:\/\/api.w.org\/{rel}","templated":true}]}}