{"id":5243,"date":"2023-05-09T15:45:17","date_gmt":"2023-05-09T15:45:17","guid":{"rendered":"https:\/\/garola.es\/bata-fina\/"},"modified":"2023-05-09T15:45:17","modified_gmt":"2023-05-09T15:45:17","slug":"bata-fina","status":"publish","type":"product","link":"https:\/\/garola.es\/es\/bata-fina\/","title":{"rendered":"Bata fina"},"content":{"rendered":"<p>La bata ideal para entretiempo.<\/p>\n<p>Tambi\u00e9n nos la piden para cl\u00ednica o peque\u00f1as intervenciones<\/p>\n<p>Perfecto para los meses de interpaso entre una estaci\u00f3n y otra.<\/p>\n<p>En distintos modelos y composiciones; no s\u00f3lo en algod\u00f3n, sino que en formato lycra, viscosa, mitad y mitad&#8230;<\/p>\n<p>Por bata fina se entiende una bata que o bien puede ser abierta con cintur\u00f3n, o bien abotonada.<\/p>\n<p>No s\u00f3lo ser\u00e1 de manga larga fina, sino que puede ser tambi\u00e9n bata de manga corta o incluso la bata 3\/4, donde la manga llega aproximadamente al codo.<\/p>\n<p>Tallas desde la S hasta la XXL .<\/p>\n","protected":false},"excerpt":{"rendered":"<p>Conjuntito recien nacido<\/p>\n<p>Diferentes modelos a elegir Tallas 0 a 1<\/p>\n","protected":false},"featured_media":3216,"template":"","meta":[],"product_brand":[],"product_cat":[127,126],"product_tag":[],"class_list":{"0":"post-5243","1":"product","2":"type-product","3":"status-publish","4":"has-post-thumbnail","6":"product_cat-invierno-mujer","7":"product_cat-verano-mujer","9":"first","10":"instock","11":"taxable","12":"shipping-taxable","13":"product-type-simple"},"_links":{"self":[{"href":"https:\/\/garola.es\/es\/wp-json\/wp\/v2\/product\/5243","targetHints":{"allow":["GET"]}}],"collection":[{"href":"https:\/\/garola.es\/es\/wp-json\/wp\/v2\/product"}],"about":[{"href":"https:\/\/garola.es\/es\/wp-json\/wp\/v2\/types\/product"}],"version-history":[{"count":0,"href":"https:\/\/garola.es\/es\/wp-json\/wp\/v2\/product\/5243\/revisions"}],"wp:featuredmedia":[{"embeddable":true,"href":"https:\/\/garola.es\/es\/wp-json\/wp\/v2\/media\/3216"}],"wp:attachment":[{"href":"https:\/\/garola.es\/es\/wp-json\/wp\/v2\/media?parent=5243"}],"wp:term":[{"taxonomy":"product_brand","embeddable":true,"href":"https:\/\/garola.es\/es\/wp-json\/wp\/v2\/product_brand?post=5243"},{"taxonomy":"product_cat","embeddable":true,"href":"https:\/\/garola.es\/es\/wp-json\/wp\/v2\/product_cat?post=5243"},{"taxonomy":"product_tag","embeddable":true,"href":"https:\/\/garola.es\/es\/wp-json\/wp\/v2\/product_tag?post=5243"}],"curies":[{"name":"wp","href":"https:\/\/api.w.org\/{rel}","templated":true}]}}