{"id":5269,"date":"2023-05-05T10:20:10","date_gmt":"2023-05-05T10:20:10","guid":{"rendered":"https:\/\/garola.es\/buff-futbol-club-barcelona\/"},"modified":"2023-06-03T15:50:47","modified_gmt":"2023-06-03T15:50:47","slug":"buff-equips-futbol","status":"publish","type":"product","link":"https:\/\/garola.es\/es\/buff-equips-futbol\/","title":{"rendered":"Buff Futbol Club Barcelona"},"content":{"rendered":"<div class=\"flex flex-grow flex-col gap-3\">\n<div class=\"min-h-[20px] flex flex-col items-start gap-4 whitespace-pre-wrap break-words\">\n<div class=\"markdown prose w-full break-words dark:prose-invert light\">\n<p>La braga de cuello del F\u00fatbol Club Barcelona en forro polar o en tejido fino es una prenda emblem\u00e1tica y funcional para los aficionados cul\u00e9s. Con un dise\u00f1o elegante y moderno, esta braga de cuello es perfecta para protegerte del fr\u00edo durante los meses de invierno y a\u00f1adirle un toque de color y estilo a tu look.<\/p>\n<p>Esta braga de la casa Buff, confeccionada con materiales de primera calidad, la braga de cuello est\u00e1 pensada para proporcionarte comodidad y suavidad al contacto con la piel. Si optas por el modelo en forro polar, la sensaci\u00f3n de calidez y suavidad ser\u00e1 insuperable. Este tejido es ideal para las jornadas m\u00e1s fr\u00edas, puesto que retiene el calor corporal y te mantiene c\u00e1lido sin renunciar al estilo.<\/p>\n<p>Para los amantes del f\u00fatbol, \u200b\u200bla braga de garganta del F\u00fatbol Club Barcelona es un imprescindible. Los colores azulgranas, s\u00edmbolos del equipo, son presentados con elegancia y en armon\u00eda con el dise\u00f1o. Adem\u00e1s, el logo oficial del club, bordado con detalle, a\u00f1ade un toque de autenticidad y orgullo cul\u00e9.<\/p>\n<p>La versatilidad es otra de las ventajas de esta braga de cuello. Podr\u00e1s utilizarla en distintas situaciones y adaptarla a tus necesidades. Ya sea para un partido de f\u00fatbol, \u200b\u200bpara pasear por la ciudad o para disfrutar de un d\u00eda en la monta\u00f1a, esta braga ser\u00e1 tu mejor aliada. Con su tejido ligero y flexible, podr\u00e1s llevarla como bufanda, pasamonta\u00f1as o incluso como gorro, ofreci\u00e9ndote protecci\u00f3n y estilo en todo momento.<\/p>\n<p>En resumen, la braga de cuello del F\u00fatbol Club Barcelona en forro polar o en tejido fino es una prenda imprescindible para todo aficionado cul\u00e9. Con su cuidado dise\u00f1o, materiales de calidad y versatilidad, esta braga te acompa\u00f1ar\u00e1 en tus aventuras m\u00e1s fr\u00edas con el mejor estilo azulgrana.<\/p>\n<\/div>\n<\/div>\n<\/div>\n<p>&nbsp;<\/p>\n<p>&nbsp;<\/p>\n<p>&nbsp;<\/p>\n<p>&nbsp;<\/p>\n","protected":false},"excerpt":{"rendered":"<p>Conjuntito recien nacido<\/p>\n<p>Diferentes modelos a elegir Tallas 0 a 1<\/p>\n","protected":false},"featured_media":3153,"template":"","meta":[],"product_brand":[],"product_cat":[144,133],"product_tag":[],"class_list":{"0":"post-5269","1":"product","2":"type-product","3":"status-publish","4":"has-post-thumbnail","6":"product_cat-invierno-nino","7":"product_cat-invierno","9":"first","10":"instock","11":"taxable","12":"shipping-taxable","13":"product-type-simple"},"_links":{"self":[{"href":"https:\/\/garola.es\/es\/wp-json\/wp\/v2\/product\/5269","targetHints":{"allow":["GET"]}}],"collection":[{"href":"https:\/\/garola.es\/es\/wp-json\/wp\/v2\/product"}],"about":[{"href":"https:\/\/garola.es\/es\/wp-json\/wp\/v2\/types\/product"}],"version-history":[{"count":1,"href":"https:\/\/garola.es\/es\/wp-json\/wp\/v2\/product\/5269\/revisions"}],"predecessor-version":[{"id":5402,"href":"https:\/\/garola.es\/es\/wp-json\/wp\/v2\/product\/5269\/revisions\/5402"}],"wp:featuredmedia":[{"embeddable":true,"href":"https:\/\/garola.es\/es\/wp-json\/wp\/v2\/media\/3153"}],"wp:attachment":[{"href":"https:\/\/garola.es\/es\/wp-json\/wp\/v2\/media?parent=5269"}],"wp:term":[{"taxonomy":"product_brand","embeddable":true,"href":"https:\/\/garola.es\/es\/wp-json\/wp\/v2\/product_brand?post=5269"},{"taxonomy":"product_cat","embeddable":true,"href":"https:\/\/garola.es\/es\/wp-json\/wp\/v2\/product_cat?post=5269"},{"taxonomy":"product_tag","embeddable":true,"href":"https:\/\/garola.es\/es\/wp-json\/wp\/v2\/product_tag?post=5269"}],"curies":[{"name":"wp","href":"https:\/\/api.w.org\/{rel}","templated":true}]}}