{"id":5271,"date":"2023-05-05T09:21:26","date_gmt":"2023-05-05T09:21:26","guid":{"rendered":"https:\/\/garola.es\/ropa-interior-fin-de-ano\/"},"modified":"2023-05-05T09:21:26","modified_gmt":"2023-05-05T09:21:26","slug":"roba-interior-cap-dany-2","status":"publish","type":"product","link":"https:\/\/garola.es\/es\/roba-interior-cap-dany-2\/","title":{"rendered":"Ropa interior fin de a\u00f1o"},"content":{"rendered":"<p>Ropa interior fin de a\u00f1o!<\/p>\n<p>\u00a1El rojo es un must por la noche m\u00e1s m\u00e1gica del a\u00f1o!<\/p>\n<p>En formato slip o boxer, escoge varios modelos a\u00f1o tras a\u00f1o.<\/p>\n<p>En formato algod\u00f3n o lycra.<\/p>\n<p>&nbsp;<\/p>\n<p>&nbsp;<\/p>\n","protected":false},"excerpt":{"rendered":"<p>Conjuntito recien nacido<\/p>\n<p>Diferentes modelos a elegir Tallas 0 a 1<\/p>\n","protected":false},"featured_media":4851,"template":"","meta":[],"product_brand":[],"product_cat":[135],"product_tag":[],"class_list":{"0":"post-5271","1":"product","2":"type-product","3":"status-publish","4":"has-post-thumbnail","6":"product_cat-underwear-hombre","8":"first","9":"instock","10":"taxable","11":"shipping-taxable","12":"product-type-simple"},"_links":{"self":[{"href":"https:\/\/garola.es\/es\/wp-json\/wp\/v2\/product\/5271","targetHints":{"allow":["GET"]}}],"collection":[{"href":"https:\/\/garola.es\/es\/wp-json\/wp\/v2\/product"}],"about":[{"href":"https:\/\/garola.es\/es\/wp-json\/wp\/v2\/types\/product"}],"version-history":[{"count":0,"href":"https:\/\/garola.es\/es\/wp-json\/wp\/v2\/product\/5271\/revisions"}],"wp:featuredmedia":[{"embeddable":true,"href":"https:\/\/garola.es\/es\/wp-json\/wp\/v2\/media\/4851"}],"wp:attachment":[{"href":"https:\/\/garola.es\/es\/wp-json\/wp\/v2\/media?parent=5271"}],"wp:term":[{"taxonomy":"product_brand","embeddable":true,"href":"https:\/\/garola.es\/es\/wp-json\/wp\/v2\/product_brand?post=5271"},{"taxonomy":"product_cat","embeddable":true,"href":"https:\/\/garola.es\/es\/wp-json\/wp\/v2\/product_cat?post=5271"},{"taxonomy":"product_tag","embeddable":true,"href":"https:\/\/garola.es\/es\/wp-json\/wp\/v2\/product_tag?post=5271"}],"curies":[{"name":"wp","href":"https:\/\/api.w.org\/{rel}","templated":true}]}}