{"id":5275,"date":"2023-05-09T09:12:29","date_gmt":"2023-05-09T09:12:29","guid":{"rendered":"https:\/\/garola.es\/pijama-manga-corta\/"},"modified":"2023-05-09T09:12:29","modified_gmt":"2023-05-09T09:12:29","slug":"pijama-maniga-curta-3","status":"publish","type":"product","link":"https:\/\/garola.es\/es\/pijama-maniga-curta-3\/","title":{"rendered":"Pijama manga corta"},"content":{"rendered":"<p>Decenas de modelos a elegir que a\u00f1o tras a\u00f1o vayamos renovando.<\/p>\n<p>En diferente composici\u00f3n seg\u00fan la necesidad de cada uno (en formato algod\u00f3n, mezcla, poli\u00e9ster, viscosa&#8230;)<\/p>\n<p>En formato liso para quien quiere un pijama m\u00e1s tranquilo o rayados, con estampados divertidos, de dibujos&#8230;<\/p>\n<p>Tallas de la S a la 4XL.<\/p>\n<p>&nbsp;<\/p>\n","protected":false},"excerpt":{"rendered":"<p>Conjuntito recien nacido<\/p>\n<p>Diferentes modelos a elegir Tallas 0 a 1<\/p>\n","protected":false},"featured_media":3270,"template":"","meta":[],"product_brand":[],"product_cat":[132],"product_tag":[],"class_list":{"0":"post-5275","1":"product","2":"type-product","3":"status-publish","4":"has-post-thumbnail","6":"product_cat-verano","8":"first","9":"instock","10":"taxable","11":"shipping-taxable","12":"product-type-simple"},"_links":{"self":[{"href":"https:\/\/garola.es\/es\/wp-json\/wp\/v2\/product\/5275","targetHints":{"allow":["GET"]}}],"collection":[{"href":"https:\/\/garola.es\/es\/wp-json\/wp\/v2\/product"}],"about":[{"href":"https:\/\/garola.es\/es\/wp-json\/wp\/v2\/types\/product"}],"version-history":[{"count":0,"href":"https:\/\/garola.es\/es\/wp-json\/wp\/v2\/product\/5275\/revisions"}],"wp:featuredmedia":[{"embeddable":true,"href":"https:\/\/garola.es\/es\/wp-json\/wp\/v2\/media\/3270"}],"wp:attachment":[{"href":"https:\/\/garola.es\/es\/wp-json\/wp\/v2\/media?parent=5275"}],"wp:term":[{"taxonomy":"product_brand","embeddable":true,"href":"https:\/\/garola.es\/es\/wp-json\/wp\/v2\/product_brand?post=5275"},{"taxonomy":"product_cat","embeddable":true,"href":"https:\/\/garola.es\/es\/wp-json\/wp\/v2\/product_cat?post=5275"},{"taxonomy":"product_tag","embeddable":true,"href":"https:\/\/garola.es\/es\/wp-json\/wp\/v2\/product_tag?post=5275"}],"curies":[{"name":"wp","href":"https:\/\/api.w.org\/{rel}","templated":true}]}}