{"id":5277,"date":"2023-05-09T09:03:12","date_gmt":"2023-05-09T09:03:12","guid":{"rendered":"https:\/\/garola.es\/pijama-manga-corta\/"},"modified":"2023-05-31T09:34:31","modified_gmt":"2023-05-31T09:34:31","slug":"pijama-maniga-curta-2","status":"publish","type":"product","link":"https:\/\/garola.es\/es\/pijama-maniga-curta-2\/","title":{"rendered":"Pijama manga corta"},"content":{"rendered":"<p>Pijamas de camiseta corta con el pantal\u00f3n cortito.<\/p>\n<p>Tenemos diferentes tipos y diferentes composiciones, ya sea de algod\u00f3n, algod\u00f3n 50% y poli\u00e9ster 50%, con formato liso o bien con dibujitos, estampados&#8230;<\/p>\n<p>disponemos normalmente de las tallas S en la 3XL.<\/p>\n<p>&nbsp;<\/p>\n<p>&nbsp;<\/p>\n","protected":false},"excerpt":{"rendered":"<p>Conjuntito recien nacido<\/p>\n<p>Diferentes modelos a elegir Tallas 0 a 1<\/p>\n","protected":false},"featured_media":3310,"template":"","meta":[],"product_brand":[],"product_cat":[126],"product_tag":[],"class_list":{"0":"post-5277","1":"product","2":"type-product","3":"status-publish","4":"has-post-thumbnail","6":"product_cat-verano-mujer","8":"first","9":"instock","10":"taxable","11":"shipping-taxable","12":"product-type-simple"},"_links":{"self":[{"href":"https:\/\/garola.es\/es\/wp-json\/wp\/v2\/product\/5277","targetHints":{"allow":["GET"]}}],"collection":[{"href":"https:\/\/garola.es\/es\/wp-json\/wp\/v2\/product"}],"about":[{"href":"https:\/\/garola.es\/es\/wp-json\/wp\/v2\/types\/product"}],"version-history":[{"count":1,"href":"https:\/\/garola.es\/es\/wp-json\/wp\/v2\/product\/5277\/revisions"}],"predecessor-version":[{"id":5278,"href":"https:\/\/garola.es\/es\/wp-json\/wp\/v2\/product\/5277\/revisions\/5278"}],"wp:featuredmedia":[{"embeddable":true,"href":"https:\/\/garola.es\/es\/wp-json\/wp\/v2\/media\/3310"}],"wp:attachment":[{"href":"https:\/\/garola.es\/es\/wp-json\/wp\/v2\/media?parent=5277"}],"wp:term":[{"taxonomy":"product_brand","embeddable":true,"href":"https:\/\/garola.es\/es\/wp-json\/wp\/v2\/product_brand?post=5277"},{"taxonomy":"product_cat","embeddable":true,"href":"https:\/\/garola.es\/es\/wp-json\/wp\/v2\/product_cat?post=5277"},{"taxonomy":"product_tag","embeddable":true,"href":"https:\/\/garola.es\/es\/wp-json\/wp\/v2\/product_tag?post=5277"}],"curies":[{"name":"wp","href":"https:\/\/api.w.org\/{rel}","templated":true}]}}