{"id":5413,"date":"2023-05-03T17:41:51","date_gmt":"2023-05-03T17:41:51","guid":{"rendered":"https:\/\/garola.es\/pack-2-boxers-levis\/"},"modified":"2023-06-22T17:22:26","modified_gmt":"2023-06-22T17:22:26","slug":"pack-2-boxers-levis","status":"publish","type":"product","link":"https:\/\/garola.es\/es\/pack-2-boxers-levis\/","title":{"rendered":"Levi&#8217;s underwear"},"content":{"rendered":"<p>Packs de 2 boxers Levi&#8217;s!<\/p>\n<p>Tenemos los colores b\u00e1sicos y tambi\u00e9n los packs que var\u00edan seg\u00fan temporada<\/p>\n<p>Tallas S a XL.<\/p>\n<p>&nbsp;<\/p>\n<p>&nbsp;<\/p>\n<p>&nbsp;<\/p>\n","protected":false},"excerpt":{"rendered":"<p>Conjuntito recien nacido<\/p>\n<p>Diferentes modelos a elegir Tallas 0 a 1<\/p>\n","protected":false},"featured_media":3063,"template":"","meta":[],"product_brand":[],"product_cat":[135],"product_tag":[],"class_list":{"0":"post-5413","1":"product","2":"type-product","3":"status-publish","4":"has-post-thumbnail","6":"product_cat-underwear-hombre","8":"first","9":"instock","10":"taxable","11":"shipping-taxable","12":"product-type-simple"},"_links":{"self":[{"href":"https:\/\/garola.es\/es\/wp-json\/wp\/v2\/product\/5413","targetHints":{"allow":["GET"]}}],"collection":[{"href":"https:\/\/garola.es\/es\/wp-json\/wp\/v2\/product"}],"about":[{"href":"https:\/\/garola.es\/es\/wp-json\/wp\/v2\/types\/product"}],"version-history":[{"count":1,"href":"https:\/\/garola.es\/es\/wp-json\/wp\/v2\/product\/5413\/revisions"}],"predecessor-version":[{"id":5663,"href":"https:\/\/garola.es\/es\/wp-json\/wp\/v2\/product\/5413\/revisions\/5663"}],"wp:featuredmedia":[{"embeddable":true,"href":"https:\/\/garola.es\/es\/wp-json\/wp\/v2\/media\/3063"}],"wp:attachment":[{"href":"https:\/\/garola.es\/es\/wp-json\/wp\/v2\/media?parent=5413"}],"wp:term":[{"taxonomy":"product_brand","embeddable":true,"href":"https:\/\/garola.es\/es\/wp-json\/wp\/v2\/product_brand?post=5413"},{"taxonomy":"product_cat","embeddable":true,"href":"https:\/\/garola.es\/es\/wp-json\/wp\/v2\/product_cat?post=5413"},{"taxonomy":"product_tag","embeddable":true,"href":"https:\/\/garola.es\/es\/wp-json\/wp\/v2\/product_tag?post=5413"}],"curies":[{"name":"wp","href":"https:\/\/api.w.org\/{rel}","templated":true}]}}