{"id":5460,"date":"2023-04-28T16:22:49","date_gmt":"2023-04-28T16:22:49","guid":{"rendered":"https:\/\/garola.es\/bano\/"},"modified":"2023-04-28T16:22:49","modified_gmt":"2023-04-28T16:22:49","slug":"bany","status":"publish","type":"product","link":"https:\/\/garola.es\/es\/bany\/","title":{"rendered":"Ba\u00f1o"},"content":{"rendered":"<p>\u00a1Somos multimarca cuando hablamos de ba\u00f1o!<\/p>\n<p>Disponemos de marcas como Calvin Klein, Puma, Umbro y otras a un precio muy econ\u00f3mico!<\/p>\n<p>En formato slip y pantal\u00f3n (corto, est\u00e1ndar y m\u00e1s largo), y en tallas de la S a la 3XL.<\/p>\n<p>&nbsp;<\/p>\n","protected":false},"excerpt":{"rendered":"<p>Suavitat en la moda interior, aix\u00f2 \u00e9s el concepte d\u2019aquest slip de la marca Abanderado.<\/p>\n<p>Muy c\u00f3modo y ajustable a la hora de llevarlo. Algod\u00f3n peinado (96% algod\u00f3n y 4% elastano)<\/p>\n","protected":false},"featured_media":2882,"template":"","meta":[],"product_brand":[],"product_cat":[132],"product_tag":[],"class_list":{"0":"post-5460","1":"product","2":"type-product","3":"status-publish","4":"has-post-thumbnail","6":"product_cat-verano","8":"first","9":"instock","10":"taxable","11":"shipping-taxable","12":"product-type-simple"},"_links":{"self":[{"href":"https:\/\/garola.es\/es\/wp-json\/wp\/v2\/product\/5460","targetHints":{"allow":["GET"]}}],"collection":[{"href":"https:\/\/garola.es\/es\/wp-json\/wp\/v2\/product"}],"about":[{"href":"https:\/\/garola.es\/es\/wp-json\/wp\/v2\/types\/product"}],"version-history":[{"count":0,"href":"https:\/\/garola.es\/es\/wp-json\/wp\/v2\/product\/5460\/revisions"}],"wp:featuredmedia":[{"embeddable":true,"href":"https:\/\/garola.es\/es\/wp-json\/wp\/v2\/media\/2882"}],"wp:attachment":[{"href":"https:\/\/garola.es\/es\/wp-json\/wp\/v2\/media?parent=5460"}],"wp:term":[{"taxonomy":"product_brand","embeddable":true,"href":"https:\/\/garola.es\/es\/wp-json\/wp\/v2\/product_brand?post=5460"},{"taxonomy":"product_cat","embeddable":true,"href":"https:\/\/garola.es\/es\/wp-json\/wp\/v2\/product_cat?post=5460"},{"taxonomy":"product_tag","embeddable":true,"href":"https:\/\/garola.es\/es\/wp-json\/wp\/v2\/product_tag?post=5460"}],"curies":[{"name":"wp","href":"https:\/\/api.w.org\/{rel}","templated":true}]}}