{"id":5462,"date":"2023-04-28T15:48:39","date_gmt":"2023-04-28T15:48:39","guid":{"rendered":"https:\/\/garola.es\/mantalitas\/"},"modified":"2023-06-03T16:55:39","modified_gmt":"2023-06-03T16:55:39","slug":"mantaletes","status":"publish","type":"product","link":"https:\/\/garola.es\/es\/mantaletes\/","title":{"rendered":"Mantalitas"},"content":{"rendered":"<p>Ideales para la gente que no se mueve mucho de casa.<\/p>\n<p>En diferentes colores y modelos!<\/p>\n","protected":false},"excerpt":{"rendered":"<p>Suavitat en la moda interior, aix\u00f2 \u00e9s el concepte d\u2019aquest slip de la marca Abanderado.<\/p>\n<p>Muy c\u00f3modo y ajustable a la hora de llevarlo. Algod\u00f3n peinado (96% algod\u00f3n y 4% elastano)<\/p>\n","protected":false},"featured_media":2736,"template":"","meta":[],"product_brand":[],"product_cat":[140],"product_tag":[],"class_list":{"0":"post-5462","1":"product","2":"type-product","3":"status-publish","4":"has-post-thumbnail","6":"product_cat-tejido","8":"first","9":"instock","10":"taxable","11":"shipping-taxable","12":"product-type-simple"},"_links":{"self":[{"href":"https:\/\/garola.es\/es\/wp-json\/wp\/v2\/product\/5462","targetHints":{"allow":["GET"]}}],"collection":[{"href":"https:\/\/garola.es\/es\/wp-json\/wp\/v2\/product"}],"about":[{"href":"https:\/\/garola.es\/es\/wp-json\/wp\/v2\/types\/product"}],"version-history":[{"count":1,"href":"https:\/\/garola.es\/es\/wp-json\/wp\/v2\/product\/5462\/revisions"}],"predecessor-version":[{"id":5463,"href":"https:\/\/garola.es\/es\/wp-json\/wp\/v2\/product\/5462\/revisions\/5463"}],"wp:featuredmedia":[{"embeddable":true,"href":"https:\/\/garola.es\/es\/wp-json\/wp\/v2\/media\/2736"}],"wp:attachment":[{"href":"https:\/\/garola.es\/es\/wp-json\/wp\/v2\/media?parent=5462"}],"wp:term":[{"taxonomy":"product_brand","embeddable":true,"href":"https:\/\/garola.es\/es\/wp-json\/wp\/v2\/product_brand?post=5462"},{"taxonomy":"product_cat","embeddable":true,"href":"https:\/\/garola.es\/es\/wp-json\/wp\/v2\/product_cat?post=5462"},{"taxonomy":"product_tag","embeddable":true,"href":"https:\/\/garola.es\/es\/wp-json\/wp\/v2\/product_tag?post=5462"}],"curies":[{"name":"wp","href":"https:\/\/api.w.org\/{rel}","templated":true}]}}