{"id":5479,"date":"2023-05-02T18:09:21","date_gmt":"2023-05-02T18:09:21","guid":{"rendered":"https:\/\/garola.es\/pikys\/"},"modified":"2023-05-02T18:09:21","modified_gmt":"2023-05-02T18:09:21","slug":"pikys","status":"publish","type":"product","link":"https:\/\/garola.es\/es\/pikys\/","title":{"rendered":"Pikys"},"content":{"rendered":"<p>Disponemos de varios modelos y marcas al respecto.<\/p>\n<p>Desde el cl\u00e1sico 100% algod\u00f3n de la casa Pikys, al de espuma o poli\u00e9ster, mitad algod\u00f3n mitad fibra,&#8230;vDesde el cl\u00e1sico 100% algod\u00f3n de la casa Pikys, al de espuma o poli\u00e9ster, mitad algod\u00f3n mitad fibra,&#8230;<\/p>\n<p>Desde el cl\u00e1sico 100% algod\u00f3n de la casa Pikys, al de espuma o poli\u00e9ster, mitad algod\u00f3n mitad fibra,&#8230;<\/p>\n<p>En color arena\/beige, negro o incluso gris.<\/p>\n<p>Marcas como Marie Claire, Pikys, Ysabel Mora o Levi&#8217;s forman nuestro amplio surtido.<\/p>\n<p>&nbsp;<\/p>\n","protected":false},"excerpt":{"rendered":"<p>Suavitat en la moda interior, aix\u00f2 \u00e9s el concepte d\u2019aquest slip de la marca Abanderado.<\/p>\n<p>Muy c\u00f3modo y ajustable a la hora de llevarlo. Algod\u00f3n peinado (96% algod\u00f3n y 4% elastano)<\/p>\n","protected":false},"featured_media":2917,"template":"","meta":[],"product_brand":[],"product_cat":[128],"product_tag":[],"class_list":{"0":"post-5479","1":"product","2":"type-product","3":"status-publish","4":"has-post-thumbnail","6":"product_cat-legwear-es","8":"first","9":"instock","10":"taxable","11":"shipping-taxable","12":"product-type-simple"},"_links":{"self":[{"href":"https:\/\/garola.es\/es\/wp-json\/wp\/v2\/product\/5479","targetHints":{"allow":["GET"]}}],"collection":[{"href":"https:\/\/garola.es\/es\/wp-json\/wp\/v2\/product"}],"about":[{"href":"https:\/\/garola.es\/es\/wp-json\/wp\/v2\/types\/product"}],"version-history":[{"count":0,"href":"https:\/\/garola.es\/es\/wp-json\/wp\/v2\/product\/5479\/revisions"}],"wp:featuredmedia":[{"embeddable":true,"href":"https:\/\/garola.es\/es\/wp-json\/wp\/v2\/media\/2917"}],"wp:attachment":[{"href":"https:\/\/garola.es\/es\/wp-json\/wp\/v2\/media?parent=5479"}],"wp:term":[{"taxonomy":"product_brand","embeddable":true,"href":"https:\/\/garola.es\/es\/wp-json\/wp\/v2\/product_brand?post=5479"},{"taxonomy":"product_cat","embeddable":true,"href":"https:\/\/garola.es\/es\/wp-json\/wp\/v2\/product_cat?post=5479"},{"taxonomy":"product_tag","embeddable":true,"href":"https:\/\/garola.es\/es\/wp-json\/wp\/v2\/product_tag?post=5479"}],"curies":[{"name":"wp","href":"https:\/\/api.w.org\/{rel}","templated":true}]}}