{"id":5481,"date":"2023-05-02T17:51:20","date_gmt":"2023-05-02T17:51:20","guid":{"rendered":"https:\/\/garola.es\/medias\/"},"modified":"2023-05-02T17:51:20","modified_gmt":"2023-05-02T17:51:20","slug":"mitja","status":"publish","type":"product","link":"https:\/\/garola.es\/es\/mitja\/","title":{"rendered":"Medias"},"content":{"rendered":"<p>Las medias son un cl\u00e1sico. Tenemos diferentes tipos, espesores y dianenses. Ideales para toda temporada. De lycra y espuma y con o sin liga.<\/p>\n<p>&nbsp;<\/p>\n","protected":false},"excerpt":{"rendered":"<p>Suavitat en la moda interior, aix\u00f2 \u00e9s el concepte d\u2019aquest slip de la marca Abanderado.<\/p>\n<p>Muy c\u00f3modo y ajustable a la hora de llevarlo. Algod\u00f3n peinado (96% algod\u00f3n y 4% elastano)<\/p>\n","protected":false},"featured_media":2907,"template":"","meta":[],"product_brand":[],"product_cat":[128],"product_tag":[],"class_list":{"0":"post-5481","1":"product","2":"type-product","3":"status-publish","4":"has-post-thumbnail","6":"product_cat-legwear-es","8":"first","9":"instock","10":"taxable","11":"shipping-taxable","12":"product-type-simple"},"_links":{"self":[{"href":"https:\/\/garola.es\/es\/wp-json\/wp\/v2\/product\/5481","targetHints":{"allow":["GET"]}}],"collection":[{"href":"https:\/\/garola.es\/es\/wp-json\/wp\/v2\/product"}],"about":[{"href":"https:\/\/garola.es\/es\/wp-json\/wp\/v2\/types\/product"}],"version-history":[{"count":0,"href":"https:\/\/garola.es\/es\/wp-json\/wp\/v2\/product\/5481\/revisions"}],"wp:featuredmedia":[{"embeddable":true,"href":"https:\/\/garola.es\/es\/wp-json\/wp\/v2\/media\/2907"}],"wp:attachment":[{"href":"https:\/\/garola.es\/es\/wp-json\/wp\/v2\/media?parent=5481"}],"wp:term":[{"taxonomy":"product_brand","embeddable":true,"href":"https:\/\/garola.es\/es\/wp-json\/wp\/v2\/product_brand?post=5481"},{"taxonomy":"product_cat","embeddable":true,"href":"https:\/\/garola.es\/es\/wp-json\/wp\/v2\/product_cat?post=5481"},{"taxonomy":"product_tag","embeddable":true,"href":"https:\/\/garola.es\/es\/wp-json\/wp\/v2\/product_tag?post=5481"}],"curies":[{"name":"wp","href":"https:\/\/api.w.org\/{rel}","templated":true}]}}