{"id":5490,"date":"2023-04-29T10:18:16","date_gmt":"2023-04-29T10:18:16","guid":{"rendered":"https:\/\/garola.es\/mobo\/"},"modified":"2023-04-29T10:18:16","modified_gmt":"2023-04-29T10:18:16","slug":"mobo","status":"publish","type":"product","link":"https:\/\/garola.es\/es\/mobo\/","title":{"rendered":"Mobo"},"content":{"rendered":"<p>Mobo para adulto, junior y peque<\/p>\n<p>Tallas de la 2 a la XXL<\/p>\n<p>En blanco y negro. Preguntar por disponibilidad en otros colores<\/p>\n<p>&nbsp;<\/p>\n","protected":false},"excerpt":{"rendered":"<p>Suavitat en la moda interior, aix\u00f2 \u00e9s el concepte d\u2019aquest slip de la marca Abanderado.<\/p>\n<p>Muy c\u00f3modo y ajustable a la hora de llevarlo. Algod\u00f3n peinado (96% algod\u00f3n y 4% elastano)<\/p>\n","protected":false},"featured_media":4855,"template":"","meta":[],"product_brand":[],"product_cat":[135,150,129],"product_tag":[],"class_list":{"0":"post-5490","1":"product","2":"type-product","3":"status-publish","4":"has-post-thumbnail","6":"product_cat-underwear-hombre","7":"product_cat-underwear-nino","8":"product_cat-underwear-y-corseteria","10":"first","11":"instock","12":"taxable","13":"shipping-taxable","14":"product-type-simple"},"_links":{"self":[{"href":"https:\/\/garola.es\/es\/wp-json\/wp\/v2\/product\/5490","targetHints":{"allow":["GET"]}}],"collection":[{"href":"https:\/\/garola.es\/es\/wp-json\/wp\/v2\/product"}],"about":[{"href":"https:\/\/garola.es\/es\/wp-json\/wp\/v2\/types\/product"}],"version-history":[{"count":0,"href":"https:\/\/garola.es\/es\/wp-json\/wp\/v2\/product\/5490\/revisions"}],"wp:featuredmedia":[{"embeddable":true,"href":"https:\/\/garola.es\/es\/wp-json\/wp\/v2\/media\/4855"}],"wp:attachment":[{"href":"https:\/\/garola.es\/es\/wp-json\/wp\/v2\/media?parent=5490"}],"wp:term":[{"taxonomy":"product_brand","embeddable":true,"href":"https:\/\/garola.es\/es\/wp-json\/wp\/v2\/product_brand?post=5490"},{"taxonomy":"product_cat","embeddable":true,"href":"https:\/\/garola.es\/es\/wp-json\/wp\/v2\/product_cat?post=5490"},{"taxonomy":"product_tag","embeddable":true,"href":"https:\/\/garola.es\/es\/wp-json\/wp\/v2\/product_tag?post=5490"}],"curies":[{"name":"wp","href":"https:\/\/api.w.org\/{rel}","templated":true}]}}