{"id":5567,"date":"2023-06-13T10:47:56","date_gmt":"2023-06-13T10:47:56","guid":{"rendered":"https:\/\/garola.es\/calcetines-pikachu\/"},"modified":"2024-04-23T09:07:11","modified_gmt":"2024-04-23T09:07:11","slug":"calcetines-pikachu-2","status":"publish","type":"product","link":"https:\/\/garola.es\/es\/calcetines-pikachu-2\/","title":{"rendered":"Calcetines Pikachu"},"content":{"rendered":"<p>Calcetines Pikachu ! calcet\u00edn finito de entretiempo (tacto fino) de la m\u00edtica serie de televisi\u00f3n. Un calcet\u00edn ideal para los fan\u00e1ticos de Pokemon<\/p>\n<p>Trae a los pies el simp\u00e1tico personaje de tu infancia y comb\u00ednalos con otros art\u00edculos que disponemos en la web!<\/p>\n<p>Talla \u00danica: (40-45)<\/p>\n<p>Composici\u00f3n: 80% algod\u00f3n 15% microfibra 5%elastano<\/p>\n<p>&nbsp;<\/p>\n","protected":false},"excerpt":{"rendered":"<p>Calcetines Pikachu ! calcet\u00edn finito de entretiempo (tacto fino) de la m\u00edtica serie de televisi\u00f3n. Un calcet\u00edn ideal para los fan\u00e1ticos de Pokemon<\/p>\n<p>Trae a los pies el simp\u00e1tico personaje de tu infancia y comb\u00ednalos con otros art\u00edculos que disponemos en la web!<\/p>\n<p>Talla \u00danica: (40-45)<\/p>\n<p>Composici\u00f3n: 80% algod\u00f3n 15% microfibra 5%elastano<\/p>\n","protected":false},"featured_media":5541,"template":"","meta":[],"product_brand":[],"product_cat":[134,158],"product_tag":[240],"class_list":{"0":"post-5567","1":"product","2":"type-product","3":"status-publish","4":"has-post-thumbnail","6":"product_cat-calcetines","7":"product_cat-calcetines-es","8":"product_tag-shop-es","10":"first","11":"instock","12":"sale","13":"featured","14":"taxable","15":"shipping-taxable","16":"purchasable","17":"product-type-simple"},"_links":{"self":[{"href":"https:\/\/garola.es\/es\/wp-json\/wp\/v2\/product\/5567","targetHints":{"allow":["GET"]}}],"collection":[{"href":"https:\/\/garola.es\/es\/wp-json\/wp\/v2\/product"}],"about":[{"href":"https:\/\/garola.es\/es\/wp-json\/wp\/v2\/types\/product"}],"version-history":[{"count":2,"href":"https:\/\/garola.es\/es\/wp-json\/wp\/v2\/product\/5567\/revisions"}],"predecessor-version":[{"id":6242,"href":"https:\/\/garola.es\/es\/wp-json\/wp\/v2\/product\/5567\/revisions\/6242"}],"wp:featuredmedia":[{"embeddable":true,"href":"https:\/\/garola.es\/es\/wp-json\/wp\/v2\/media\/5541"}],"wp:attachment":[{"href":"https:\/\/garola.es\/es\/wp-json\/wp\/v2\/media?parent=5567"}],"wp:term":[{"taxonomy":"product_brand","embeddable":true,"href":"https:\/\/garola.es\/es\/wp-json\/wp\/v2\/product_brand?post=5567"},{"taxonomy":"product_cat","embeddable":true,"href":"https:\/\/garola.es\/es\/wp-json\/wp\/v2\/product_cat?post=5567"},{"taxonomy":"product_tag","embeddable":true,"href":"https:\/\/garola.es\/es\/wp-json\/wp\/v2\/product_tag?post=5567"}],"curies":[{"name":"wp","href":"https:\/\/api.w.org\/{rel}","templated":true}]}}