{"id":5599,"date":"2023-06-15T09:46:00","date_gmt":"2023-06-15T09:46:00","guid":{"rendered":"https:\/\/garola.es\/?post_type=product&#038;p=5599"},"modified":"2025-02-20T17:49:50","modified_gmt":"2025-02-20T17:49:50","slug":"pack-4-boxers-freegun","status":"publish","type":"product","link":"https:\/\/garola.es\/es\/pack-4-boxers-freegun\/","title":{"rendered":"Pack 4 boxers Freegun"},"content":{"rendered":"<p>Pack 4 boxers Freegun<\/p>\n<p>Estampados divertidos caracter\u00edsticos de la m\u00edtica marca francesa.<\/p>\n<p>En este caso, tres estampados sublimados con colores atrevidos m\u00e1s un boxer liso negro<\/p>\n<p>Composici\u00f3N: 92% poliester Y 8% elastano Goma del calzoncillo 100% algod\u00f3n.<\/p>\n","protected":false},"excerpt":{"rendered":"<p>Pack 4 boxers Freegun Estampados divertidos caracter\u00edsticos de la m\u00edtica marca francesa. En este caso, tres estampados sublimados con colores atrevidos m\u00e1s un boxer liso negro Composici\u00f3N: 92% poliester Y 8% elastano Goma del calzoncillo 100% algod\u00f3n.<\/p>\n","protected":false},"featured_media":5608,"template":"","meta":[],"product_brand":[],"product_cat":[135,154],"product_tag":[240],"class_list":{"0":"post-5599","1":"product","2":"type-product","3":"status-publish","4":"has-post-thumbnail","6":"product_cat-underwear-hombre","7":"product_cat-underwear-es","8":"product_tag-shop-es","10":"first","11":"instock","12":"featured","13":"taxable","14":"shipping-taxable","15":"purchasable","16":"product-type-variable"},"_links":{"self":[{"href":"https:\/\/garola.es\/es\/wp-json\/wp\/v2\/product\/5599","targetHints":{"allow":["GET"]}}],"collection":[{"href":"https:\/\/garola.es\/es\/wp-json\/wp\/v2\/product"}],"about":[{"href":"https:\/\/garola.es\/es\/wp-json\/wp\/v2\/types\/product"}],"version-history":[{"count":1,"href":"https:\/\/garola.es\/es\/wp-json\/wp\/v2\/product\/5599\/revisions"}],"predecessor-version":[{"id":5715,"href":"https:\/\/garola.es\/es\/wp-json\/wp\/v2\/product\/5599\/revisions\/5715"}],"wp:featuredmedia":[{"embeddable":true,"href":"https:\/\/garola.es\/es\/wp-json\/wp\/v2\/media\/5608"}],"wp:attachment":[{"href":"https:\/\/garola.es\/es\/wp-json\/wp\/v2\/media?parent=5599"}],"wp:term":[{"taxonomy":"product_brand","embeddable":true,"href":"https:\/\/garola.es\/es\/wp-json\/wp\/v2\/product_brand?post=5599"},{"taxonomy":"product_cat","embeddable":true,"href":"https:\/\/garola.es\/es\/wp-json\/wp\/v2\/product_cat?post=5599"},{"taxonomy":"product_tag","embeddable":true,"href":"https:\/\/garola.es\/es\/wp-json\/wp\/v2\/product_tag?post=5599"}],"curies":[{"name":"wp","href":"https:\/\/api.w.org\/{rel}","templated":true}]}}