{"id":5785,"date":"2023-10-05T15:03:59","date_gmt":"2023-10-05T15:03:59","guid":{"rendered":"https:\/\/garola.es\/?post_type=product&#038;p=5785"},"modified":"2024-03-23T11:02:25","modified_gmt":"2024-03-23T11:02:25","slug":"pijama-gigantes-reus-invierno","status":"publish","type":"product","link":"https:\/\/garola.es\/es\/pijama-gigantes-reus-invierno\/","title":{"rendered":"Pijama Gegants Reus invierno"},"content":{"rendered":"<div class=\"QmZWSe\">\n<div class=\"DHcWmd\"><\/div>\n<\/div>\n<div class=\"oSioSc\">\n<div id=\"tw-target\">\n<div id=\"kAz1tf\" class=\"g9WsWb\">\n<div id=\"tw-target-text-container\" class=\"tw-ta-container F0azHf tw-nfl\" tabindex=\"0\">\n<pre id=\"tw-target-text\" class=\"tw-data-text tw-text-large tw-ta\" dir=\"ltr\" data-placeholder=\"Traducci\u00f3n\" data-ved=\"2ahUKEwjbkODGnd-BAxXMVaQEHWQrChQQ3ewLegQIBhAP\"><span class=\"Y2IQFc\" lang=\"es\">Pijama Gigantes Reus invierno:\r\n\r\n\u00a1El pijama preferido por los peques de la ciudad de REUS est\u00e1 aqu\u00ed!\r\n\r\nDe 100% algod\u00f3n y hecho \u00edntegramente en Catalu\u00f1a, tanto el pijama como el estampado.\r\n\r\nEl pijama Gigantes Reus invierno es ideal para cualquier ni\u00f1o o ni\u00f1a fanto de los Gigantes.\r\n\r\nTiene un punto de ruso por dentro de camiseta y pantal\u00f3n que lo hace ligeramente doble por los meses de fr\u00edo.\r\n\r\nEs un producto exclusivo que s\u00f3lo encontrar\u00e1s en nuestra tienda, hecho por la dise\u00f1adora @nunustamps\r\n\r\nTallas de la 2 a la 14 .\r\n\r\n \r\n\r\nProducto hecho \u00edntegramente aqu\u00ed\r\n\r\nComposici\u00f3n 100% algod\u00f3n<\/span><\/pre>\n<\/div>\n<\/div>\n<\/div>\n<\/div>\n","protected":false},"excerpt":{"rendered":"<p>Pijama Gigantes Reus invierno: \u00a1El pijama preferido por los peques de la ciudad de REUS est\u00e1 aqu\u00ed! De 100% algod\u00f3n y hecho \u00edntegramente en Catalu\u00f1a, tanto el pijama como el estampado. El pijama Gigantes Reus invierno es ideal para cualquier ni\u00f1o o ni\u00f1a fanto de los Gigantes. Tiene un punto de ruso por dentro de [&hellip;]<\/p>\n","protected":false},"featured_media":5792,"template":"","meta":[],"product_brand":[],"product_cat":[159,155],"product_tag":[240,123],"class_list":{"0":"post-5785","1":"product","2":"type-product","3":"status-publish","4":"has-post-thumbnail","6":"product_cat-cositas-de-reus","7":"product_cat-temporada-es","8":"product_tag-shop-es","9":"product_tag-zona-infantil-es","11":"first","12":"instock","13":"featured","14":"taxable","15":"shipping-taxable","16":"purchasable","17":"product-type-variable"},"_links":{"self":[{"href":"https:\/\/garola.es\/es\/wp-json\/wp\/v2\/product\/5785","targetHints":{"allow":["GET"]}}],"collection":[{"href":"https:\/\/garola.es\/es\/wp-json\/wp\/v2\/product"}],"about":[{"href":"https:\/\/garola.es\/es\/wp-json\/wp\/v2\/types\/product"}],"version-history":[{"count":2,"href":"https:\/\/garola.es\/es\/wp-json\/wp\/v2\/product\/5785\/revisions"}],"predecessor-version":[{"id":5839,"href":"https:\/\/garola.es\/es\/wp-json\/wp\/v2\/product\/5785\/revisions\/5839"}],"wp:featuredmedia":[{"embeddable":true,"href":"https:\/\/garola.es\/es\/wp-json\/wp\/v2\/media\/5792"}],"wp:attachment":[{"href":"https:\/\/garola.es\/es\/wp-json\/wp\/v2\/media?parent=5785"}],"wp:term":[{"taxonomy":"product_brand","embeddable":true,"href":"https:\/\/garola.es\/es\/wp-json\/wp\/v2\/product_brand?post=5785"},{"taxonomy":"product_cat","embeddable":true,"href":"https:\/\/garola.es\/es\/wp-json\/wp\/v2\/product_cat?post=5785"},{"taxonomy":"product_tag","embeddable":true,"href":"https:\/\/garola.es\/es\/wp-json\/wp\/v2\/product_tag?post=5785"}],"curies":[{"name":"wp","href":"https:\/\/api.w.org\/{rel}","templated":true}]}}