{"id":5844,"date":"2023-10-05T17:34:06","date_gmt":"2023-10-05T17:34:06","guid":{"rendered":"https:\/\/garola.es\/?post_type=product&#038;p=5844"},"modified":"2023-10-05T17:53:29","modified_gmt":"2023-10-05T17:53:29","slug":"braga-cuello-reus-deportiu","status":"publish","type":"product","link":"https:\/\/garola.es\/es\/braga-cuello-reus-deportiu\/","title":{"rendered":"Braga cuello Reus Deportiu"},"content":{"rendered":"<div class=\"QmZWSe\">\n<div class=\"DHcWmd\"><\/div>\n<\/div>\n<div class=\"oSioSc\">\n<div id=\"tw-target\">\n<div id=\"kAz1tf\" class=\"g9WsWb\">\n<div id=\"tw-target-text-container\" class=\"tw-ta-container F0azHf tw-nfl\" tabindex=\"0\">\n<pre id=\"tw-target-text\" class=\"tw-data-text tw-text-large tw-ta\" dir=\"ltr\" data-placeholder=\"Traducci\u00f3n\" data-ved=\"2ahUKEwjS1IO5u9-BAxVRWaQEHXOEA2kQ3ewLegQIBhAP\"><span class=\"Y2IQFc\" lang=\"es\">Braga cuello Reus Deportiu\r\n\r\n\r\n\r\n\r\nBraga de cuello del Reus \u00a1Deportivo de hockey!\r\n\r\n\u00a1Trae los colores rojo y negros en los d\u00edas fr\u00edos de oto\u00f1o e invierno!\r\n\r\nIdales para ir a correr, pasear, para excursiones...\r\n\r\nDos tama\u00f1os a elegir: junior (de 5 a 12 a\u00f1os aprox) y adulto\r\n\r\nCon su cart\u00f3n personalizado.<\/span><\/pre>\n<\/div>\n<\/div>\n<\/div>\n<\/div>\n","protected":false},"excerpt":{"rendered":"<p>Braga cuello Reus Deportiu Braga de cuello del Reus \u00a1Deportivo de hockey! \u00a1Trae los colores rojo y negros en los d\u00edas fr\u00edos de oto\u00f1o e invierno! Idales para ir a correr, pasear, para excursiones&#8230; Dos tama\u00f1os a elegir: junior (de 5 a 12 a\u00f1os aprox) y adulto Con su cart\u00f3n personalizado.<\/p>\n","protected":false},"featured_media":5848,"template":"","meta":[],"product_brand":[],"product_cat":[15],"product_tag":[],"class_list":{"0":"post-5844","1":"product","2":"type-product","3":"status-publish","4":"has-post-thumbnail","6":"product_cat-sense-categoria","8":"first","9":"instock","10":"featured","11":"taxable","12":"shipping-taxable","13":"purchasable","14":"product-type-variable"},"_links":{"self":[{"href":"https:\/\/garola.es\/es\/wp-json\/wp\/v2\/product\/5844","targetHints":{"allow":["GET"]}}],"collection":[{"href":"https:\/\/garola.es\/es\/wp-json\/wp\/v2\/product"}],"about":[{"href":"https:\/\/garola.es\/es\/wp-json\/wp\/v2\/types\/product"}],"version-history":[{"count":2,"href":"https:\/\/garola.es\/es\/wp-json\/wp\/v2\/product\/5844\/revisions"}],"predecessor-version":[{"id":5855,"href":"https:\/\/garola.es\/es\/wp-json\/wp\/v2\/product\/5844\/revisions\/5855"}],"wp:featuredmedia":[{"embeddable":true,"href":"https:\/\/garola.es\/es\/wp-json\/wp\/v2\/media\/5848"}],"wp:attachment":[{"href":"https:\/\/garola.es\/es\/wp-json\/wp\/v2\/media?parent=5844"}],"wp:term":[{"taxonomy":"product_brand","embeddable":true,"href":"https:\/\/garola.es\/es\/wp-json\/wp\/v2\/product_brand?post=5844"},{"taxonomy":"product_cat","embeddable":true,"href":"https:\/\/garola.es\/es\/wp-json\/wp\/v2\/product_cat?post=5844"},{"taxonomy":"product_tag","embeddable":true,"href":"https:\/\/garola.es\/es\/wp-json\/wp\/v2\/product_tag?post=5844"}],"curies":[{"name":"wp","href":"https:\/\/api.w.org\/{rel}","templated":true}]}}