{"id":5861,"date":"2023-10-06T08:14:23","date_gmt":"2023-10-06T08:14:23","guid":{"rendered":"https:\/\/garola.es\/?post_type=product&#038;p=5861"},"modified":"2024-07-01T16:44:14","modified_gmt":"2024-07-01T16:44:14","slug":"braga-coll-reus-deportiu","status":"publish","type":"product","link":"https:\/\/garola.es\/es\/braga-coll-reus-deportiu\/","title":{"rendered":"Braga cuello Reus Deportiu"},"content":{"rendered":"<p>&nbsp;<\/p>\n<p>Braga cuello Reus Deportiu<\/p>\n<p>&nbsp;<\/p>\n<p>Braga de cuello del Reus \u00a1Deportivo de hockey!<\/p>\n<p>\u00a1Trae los colores rojo y negros en los d\u00edas fr\u00edos de oto\u00f1o e invierno!<\/p>\n<p>Idales para ir a correr, pasear, para excursiones&#8230;<\/p>\n<p>Dos tama\u00f1os a elegir: junior (de 5 a 12 a\u00f1os aprox) y adulto<\/p>\n<p>Con su cart\u00f3n personalizado.<\/p>\n<p>&nbsp;<\/p>\n","protected":false},"excerpt":{"rendered":"<p>&nbsp;<\/p>\n<p>Braga de cuello del Reus \u00a1Deportivo de hockey!<\/p>\n<p>\u00a1Trae los colores rojo y negros en los d\u00edas fr\u00edos de oto\u00f1o e invierno!<\/p>\n<p>Idales para ir a correr, pasear, para excursiones&#8230;<\/p>\n<p>Dos tama\u00f1os a elegir: junior (de 5 a 12 a\u00f1os aprox) y adulto<\/p>\n<p>Con su cart\u00f3n personalizado.<\/p>\n","protected":false},"featured_media":5848,"template":"","meta":[],"product_brand":[],"product_cat":[159,155],"product_tag":[240],"class_list":{"0":"post-5861","1":"product","2":"type-product","3":"status-publish","4":"has-post-thumbnail","6":"product_cat-cositas-de-reus","7":"product_cat-temporada-es","8":"product_tag-shop-es","10":"first","11":"instock","12":"featured","13":"taxable","14":"shipping-taxable","15":"purchasable","16":"product-type-variable","17":"has-default-attributes"},"_links":{"self":[{"href":"https:\/\/garola.es\/es\/wp-json\/wp\/v2\/product\/5861","targetHints":{"allow":["GET"]}}],"collection":[{"href":"https:\/\/garola.es\/es\/wp-json\/wp\/v2\/product"}],"about":[{"href":"https:\/\/garola.es\/es\/wp-json\/wp\/v2\/types\/product"}],"version-history":[{"count":3,"href":"https:\/\/garola.es\/es\/wp-json\/wp\/v2\/product\/5861\/revisions"}],"predecessor-version":[{"id":5891,"href":"https:\/\/garola.es\/es\/wp-json\/wp\/v2\/product\/5861\/revisions\/5891"}],"wp:featuredmedia":[{"embeddable":true,"href":"https:\/\/garola.es\/es\/wp-json\/wp\/v2\/media\/5848"}],"wp:attachment":[{"href":"https:\/\/garola.es\/es\/wp-json\/wp\/v2\/media?parent=5861"}],"wp:term":[{"taxonomy":"product_brand","embeddable":true,"href":"https:\/\/garola.es\/es\/wp-json\/wp\/v2\/product_brand?post=5861"},{"taxonomy":"product_cat","embeddable":true,"href":"https:\/\/garola.es\/es\/wp-json\/wp\/v2\/product_cat?post=5861"},{"taxonomy":"product_tag","embeddable":true,"href":"https:\/\/garola.es\/es\/wp-json\/wp\/v2\/product_tag?post=5861"}],"curies":[{"name":"wp","href":"https:\/\/api.w.org\/{rel}","templated":true}]}}