{"id":6153,"date":"2024-01-30T19:19:00","date_gmt":"2024-01-30T19:19:00","guid":{"rendered":"https:\/\/garola.es\/calcetines-futbol-club-barcelona-barca-3\/"},"modified":"2025-12-21T17:07:55","modified_gmt":"2025-12-21T17:07:55","slug":"calcetines-futbol-club-barcelona-barca-3","status":"publish","type":"product","link":"https:\/\/garola.es\/es\/calcetines-futbol-club-barcelona-barca-3\/","title":{"rendered":"Calcetines F\u00fatbol Club Barcelona (Bar\u00e7a)"},"content":{"rendered":"<p><strong>Calcetines F\u00fatbol Club Barcelona<\/strong><\/p>\n<p>Calcet\u00edn oficial F.C.B.<\/p>\n<p>Calcetines de entretiempo f\u00fatbol club barcelona. Dibujo con el escudo en el centro del calcet\u00edn y rodeado por c\u00edrculos azul y semillas. En la suela del calcet\u00edn est\u00e1 escrito Bar\u00e7a. Con goma amarillo fluorescente.<\/p>\n<p>&nbsp;<\/p>\n","protected":false},"excerpt":{"rendered":"<p><strong>Calcetines F\u00fatbol Club Barcelona<\/strong><\/p>\n<p>Calcet\u00edn oficial F.C.B.<\/p>\n<p>Calcetines de entretiempo f\u00fatbol club barcelona. Dibujo con el escudo en el centro del calcet\u00edn y rodeado por c\u00edrculos azul y semillas. En la suela del calcet\u00edn est\u00e1 escrito Bar\u00e7a. Con goma amarillo fluorescente.<\/p>\n<p>Composici\u00f3n 78% algod\u00f3n , 20% poliamida i 2%elastano.<\/p>\n<p>Referencia 260850\/4 de la marca t\u00e9xtil Condor. 3 tallas para adulto y diferentes modelos a elegir<\/p>\n<p>Producto oficial Futbol Club Barcelona<\/p>\n","protected":false},"featured_media":6118,"template":"","meta":[],"product_brand":[],"product_cat":[298],"product_tag":[],"class_list":{"0":"post-6153","1":"product","2":"type-product","3":"status-publish","4":"has-post-thumbnail","6":"product_cat-f-c-barcelona","8":"first","9":"instock","10":"sale","11":"taxable","12":"shipping-taxable","13":"purchasable","14":"product-type-variable"},"_links":{"self":[{"href":"https:\/\/garola.es\/es\/wp-json\/wp\/v2\/product\/6153","targetHints":{"allow":["GET"]}}],"collection":[{"href":"https:\/\/garola.es\/es\/wp-json\/wp\/v2\/product"}],"about":[{"href":"https:\/\/garola.es\/es\/wp-json\/wp\/v2\/types\/product"}],"version-history":[{"count":0,"href":"https:\/\/garola.es\/es\/wp-json\/wp\/v2\/product\/6153\/revisions"}],"wp:featuredmedia":[{"embeddable":true,"href":"https:\/\/garola.es\/es\/wp-json\/wp\/v2\/media\/6118"}],"wp:attachment":[{"href":"https:\/\/garola.es\/es\/wp-json\/wp\/v2\/media?parent=6153"}],"wp:term":[{"taxonomy":"product_brand","embeddable":true,"href":"https:\/\/garola.es\/es\/wp-json\/wp\/v2\/product_brand?post=6153"},{"taxonomy":"product_cat","embeddable":true,"href":"https:\/\/garola.es\/es\/wp-json\/wp\/v2\/product_cat?post=6153"},{"taxonomy":"product_tag","embeddable":true,"href":"https:\/\/garola.es\/es\/wp-json\/wp\/v2\/product_tag?post=6153"}],"curies":[{"name":"wp","href":"https:\/\/api.w.org\/{rel}","templated":true}]}}