{"id":6172,"date":"2024-04-20T09:53:52","date_gmt":"2024-04-20T09:53:52","guid":{"rendered":"https:\/\/garola.es\/?post_type=product&#038;p=6172"},"modified":"2025-12-10T22:12:23","modified_gmt":"2025-12-10T22:12:23","slug":"calcetines-michael-jackson","status":"publish","type":"product","link":"https:\/\/garola.es\/es\/calcetines-michael-jackson\/","title":{"rendered":"Calcetines Michael Jackson"},"content":{"rendered":"<p>Calcetines Michael Jackson<\/p>\n<p>Divertidos calcetines del rey del pulpo. Ideales para los fan\u00e1ticos de Michael Jackson<\/p>\n<p>Un producto muy original, ideal para regalo de complemento.<\/p>\n<p>Estampaci\u00f3n digital.<\/p>\n<p>Talla \u00danica: (40-45)<\/p>\n<p>Composici\u00f3n: 80% algod\u00f3n 15% microfibra 5%elast\u00e1n<\/p>\n<p>&nbsp;<\/p>\n<p>&nbsp;<\/p>\n<p>&nbsp;<\/p>\n","protected":false},"excerpt":{"rendered":"<p>Calcetines Michael Jackson<\/p>\n<p>Divertidos calcetines del rey del pulpo. Ideales para los fan\u00e1ticos de Michael Jackson<\/p>\n<p>Un producto muy original, ideal para regalo de complemento.<\/p>\n<p>Estampaci\u00f3n digital.<\/p>\n<p>Talla \u00danica: (40-45)<\/p>\n<p>Composici\u00f3n: 80% algod\u00f3n 15% microfibra 5%elast\u00e1n<\/p>\n<p>&nbsp;<\/p>\n","protected":false},"featured_media":6174,"template":"","meta":[],"product_brand":[],"product_cat":[158,134],"product_tag":[240],"class_list":{"0":"post-6172","1":"product","2":"type-product","3":"status-publish","4":"has-post-thumbnail","6":"product_cat-calcetines-es","7":"product_cat-calcetines","8":"product_tag-shop-es","10":"first","11":"instock","12":"sale","13":"taxable","14":"shipping-taxable","15":"purchasable","16":"product-type-simple"},"_links":{"self":[{"href":"https:\/\/garola.es\/es\/wp-json\/wp\/v2\/product\/6172","targetHints":{"allow":["GET"]}}],"collection":[{"href":"https:\/\/garola.es\/es\/wp-json\/wp\/v2\/product"}],"about":[{"href":"https:\/\/garola.es\/es\/wp-json\/wp\/v2\/types\/product"}],"version-history":[{"count":2,"href":"https:\/\/garola.es\/es\/wp-json\/wp\/v2\/product\/6172\/revisions"}],"predecessor-version":[{"id":6238,"href":"https:\/\/garola.es\/es\/wp-json\/wp\/v2\/product\/6172\/revisions\/6238"}],"wp:featuredmedia":[{"embeddable":true,"href":"https:\/\/garola.es\/es\/wp-json\/wp\/v2\/media\/6174"}],"wp:attachment":[{"href":"https:\/\/garola.es\/es\/wp-json\/wp\/v2\/media?parent=6172"}],"wp:term":[{"taxonomy":"product_brand","embeddable":true,"href":"https:\/\/garola.es\/es\/wp-json\/wp\/v2\/product_brand?post=6172"},{"taxonomy":"product_cat","embeddable":true,"href":"https:\/\/garola.es\/es\/wp-json\/wp\/v2\/product_cat?post=6172"},{"taxonomy":"product_tag","embeddable":true,"href":"https:\/\/garola.es\/es\/wp-json\/wp\/v2\/product_tag?post=6172"}],"curies":[{"name":"wp","href":"https:\/\/api.w.org\/{rel}","templated":true}]}}