{"id":6197,"date":"2024-04-20T10:10:00","date_gmt":"2024-04-20T10:10:00","guid":{"rendered":"https:\/\/garola.es\/?post_type=product&#038;p=6197"},"modified":"2025-12-24T19:55:21","modified_gmt":"2025-12-24T19:55:21","slug":"calcetines-queen","status":"publish","type":"product","link":"https:\/\/garola.es\/es\/calcetines-queen\/","title":{"rendered":"Calcetines Queen"},"content":{"rendered":"<p>Calcetines Queen<\/p>\n<p>Divertidos calcetines de Freddie Mercury, con colores muy llamativos.<\/p>\n<p>Un producto muy original, ideal para regalo de complemento.<\/p>\n<p>Estampaci\u00f3n digital.<\/p>\n<p>Talla \u00danica: (40-45)<\/p>\n<p>Composici\u00f3n: 80% algod\u00f3n 15% microfibra 5%elast\u00e1n<\/p>\n<p>&nbsp;<\/p>\n<p>&nbsp;<\/p>\n","protected":false},"excerpt":{"rendered":"<p>Calcetines Queen<\/p>\n<p>Divertidos calcetines de Freddie Mercury, con colores muy llamativos.<\/p>\n<p>Un producto muy original, ideal para regalo de complemento.<\/p>\n<p>Estampaci\u00f3n digital.<\/p>\n<p>Talla \u00danica: (40-45)<\/p>\n<p>Composici\u00f3n: 80% algod\u00f3n 15% microfibra 5%elast\u00e1n<\/p>\n","protected":false},"featured_media":6192,"template":"","meta":[],"product_brand":[],"product_cat":[134,158],"product_tag":[240],"class_list":{"0":"post-6197","1":"product","2":"type-product","3":"status-publish","4":"has-post-thumbnail","6":"product_cat-calcetines","7":"product_cat-calcetines-es","8":"product_tag-shop-es","10":"first","11":"outofstock","12":"sale","13":"featured","14":"taxable","15":"shipping-taxable","16":"purchasable","17":"product-type-simple"},"_links":{"self":[{"href":"https:\/\/garola.es\/es\/wp-json\/wp\/v2\/product\/6197","targetHints":{"allow":["GET"]}}],"collection":[{"href":"https:\/\/garola.es\/es\/wp-json\/wp\/v2\/product"}],"about":[{"href":"https:\/\/garola.es\/es\/wp-json\/wp\/v2\/types\/product"}],"version-history":[{"count":3,"href":"https:\/\/garola.es\/es\/wp-json\/wp\/v2\/product\/6197\/revisions"}],"predecessor-version":[{"id":6241,"href":"https:\/\/garola.es\/es\/wp-json\/wp\/v2\/product\/6197\/revisions\/6241"}],"wp:featuredmedia":[{"embeddable":true,"href":"https:\/\/garola.es\/es\/wp-json\/wp\/v2\/media\/6192"}],"wp:attachment":[{"href":"https:\/\/garola.es\/es\/wp-json\/wp\/v2\/media?parent=6197"}],"wp:term":[{"taxonomy":"product_brand","embeddable":true,"href":"https:\/\/garola.es\/es\/wp-json\/wp\/v2\/product_brand?post=6197"},{"taxonomy":"product_cat","embeddable":true,"href":"https:\/\/garola.es\/es\/wp-json\/wp\/v2\/product_cat?post=6197"},{"taxonomy":"product_tag","embeddable":true,"href":"https:\/\/garola.es\/es\/wp-json\/wp\/v2\/product_tag?post=6197"}],"curies":[{"name":"wp","href":"https:\/\/api.w.org\/{rel}","templated":true}]}}